{"id":7404,"date":"2025-09-09T09:17:51","date_gmt":"2025-09-09T07:17:51","guid":{"rendered":"https:\/\/mindthebed.com\/partenaires\/"},"modified":"2025-12-05T22:04:02","modified_gmt":"2025-12-05T21:04:02","slug":"partenaires","status":"publish","type":"page","link":"https:\/\/mindthebed.com\/fr\/partenaires\/","title":{"rendered":"Partenaires"},"content":{"rendered":"<p>[et_pb_section fb_built=\u00a0\u00bb1&Prime; _builder_version=\u00a0\u00bb4.27.4&Prime; _module_preset=\u00a0\u00bbdefault\u00a0\u00bb global_colors_info=\u00a0\u00bb{}\u00a0\u00bb][et_pb_row _builder_version=\u00a0\u00bb4.25.1&Prime; _module_preset=\u00a0\u00bbdefault\u00a0\u00bb width_tablet=\u00a0\u00bb\u00a0\u00bb width_phone=\u00a0\u00bb100%\u00a0\u00bb width_last_edited=\u00a0\u00bbon|phone\u00a0\u00bb max_width_tablet=\u00a0\u00bb\u00a0\u00bb max_width_phone=\u00a0\u00bb\u00a0\u00bb max_width_last_edited=\u00a0\u00bbon|phone\u00a0\u00bb locked=\u00a0\u00bboff\u00a0\u00bb global_colors_info=\u00a0\u00bb{}\u00a0\u00bb][et_pb_column type=\u00a0\u00bb4_4&Prime; _builder_version=\u00a0\u00bb4.25.1&Prime; _module_preset=\u00a0\u00bbdefault\u00a0\u00bb global_colors_info=\u00a0\u00bb{}\u00a0\u00bb][et_pb_text _builder_version=\u00a0\u00bb4.27.4&Prime; _module_preset=\u00a0\u00bbdefault\u00a0\u00bb text_text_color=\u00a0\u00bb#000000&Prime; text_font_size=\u00a0\u00bb20px\u00a0\u00bb text_line_height=\u00a0\u00bb1.6em\u00a0\u00bb link_font=\u00a0\u00bb|700|||||||\u00a0\u00bb link_text_color=\u00a0\u00bb#000000&Prime; header_text_align=\u00a0\u00bbcenter\u00a0\u00bb header_2_text_color=\u00a0\u00bb#003F73&Prime; header_2_line_height=\u00a0\u00bb1.2em\u00a0\u00bb custom_padding=\u00a0\u00bb||||false|false\u00a0\u00bb text_font_size_tablet=\u00a0\u00bb20px\u00a0\u00bb text_font_size_phone=\u00a0\u00bb18px\u00a0\u00bb text_font_size_last_edited=\u00a0\u00bbon|phone\u00a0\u00bb locked=\u00a0\u00bboff\u00a0\u00bb global_colors_info=\u00a0\u00bb{}\u00a0\u00bb]<\/p>\n<h2>Partenaires<\/h2>\n<p>Notre objectif est d&rsquo;attirer consciemment votre attention sur le sommeil et son confort. D&rsquo;o\u00f9 notre slogan Mind the bed ! Nous n&rsquo;y parvenons que <g id=\"gid_0\">gr\u00e2ce \u00e0 l&rsquo;aide de partenaires motiv\u00e9s qui nous soutiennent<\/g>. Une communication ouverte, une circulation fluide des connaissances acquises quotidiennement et une <a href=\"https:\/\/mindthebed.com\/fr\/a-propos-de-nous\/\">\u00e9quipe de collaborateurs ind\u00e9pendants<\/a> sont les garants de notre mission. Nous voulons vous montrer, en tant que consommateurs ou utilisateurs finaux, les arbres proverbiaux \u00e0 travers la for\u00eat. Vous informer et vous guider avec un contenu solide, de pr\u00e9f\u00e9rence scientifique, mais certainement toujours de haute qualit\u00e9, qui vous aide lorsque vous voulez en savoir plus sur votre sommeil, votre lit, votre couette ou votre oreiller. Devenez vous aussi un partenaire de connaissance ? Contactez-nous via les canaux en bas de cette page.       <\/p>\n<p>[\/et_pb_text][\/et_pb_column][\/et_pb_row][et_pb_row _builder_version=\u00a0\u00bb4.27.4&Prime; _module_preset=\u00a0\u00bbdefault\u00a0\u00bb global_colors_info=\u00a0\u00bb{}\u00a0\u00bb][et_pb_column type=\u00a0\u00bb4_4&Prime; _builder_version=\u00a0\u00bb4.27.4&Prime; _module_preset=\u00a0\u00bbdefault\u00a0\u00bb global_colors_info=\u00a0\u00bb{}\u00a0\u00bb][dsm_card_carousel autoplay=\u00a0\u00bboff\u00a0\u00bb space_between=\u00a0\u00bb25&Prime; equal_height=\u00a0\u00bbon\u00a0\u00bb arrows=\u00a0\u00bboff\u00a0\u00bb image_width=\u00a0\u00bb70%\u00a0\u00bb stretch_image=\u00a0\u00bboff\u00a0\u00bb image_alignment=\u00a0\u00bbcenter\u00a0\u00bb _builder_version=\u00a0\u00bb4.27.5&Prime; _module_preset=\u00a0\u00bbdefault\u00a0\u00bb custom_padding=\u00a0\u00bb30px|15px|30px|15px|false|false\u00a0\u00bb hover_enabled=\u00a0\u00bb0&Prime; global_colors_info=\u00a0\u00bb{}\u00a0\u00bb sticky_enabled=\u00a0\u00bb0&Prime;][dsm_card_carousel_child title=\u00a0\u00bbEastborn\u00a0\u00bb image=\u00a0\u00bbhttps:\/\/mindthebed.com\/wp-content\/uploads\/2025\/09\/eastborn-logo.png\u00a0\u00bb image_as_background=\u00a0\u00bboff\u00a0\u00bb image_alignment=\u00a0\u00bbcenter\u00a0\u00bb badge_url=\u00a0\u00bbhttps:\/\/www.eastborn.nl\/inspiratie\u00a0\u00bb badge_url_new_window=\u00a0\u00bbon\u00a0\u00bb content_padding=\u00a0\u00bb20px|20px|30px|20px|false|false\u00a0\u00bb button_url_new_window=\u00a0\u00bb1&Prime; _builder_version=\u00a0\u00bb4.27.4&Prime; _module_preset=\u00a0\u00bbdefault\u00a0\u00bb header_line_height=\u00a0\u00bb2.5em\u00a0\u00bb body_font=\u00a0\u00bb|300|||||||\u00a0\u00bb body_text_color=\u00a0\u00bb#000000&Prime; body_font_size=\u00a0\u00bb18px\u00a0\u00bb custom_padding=\u00a0\u00bb30px||||false|false\u00a0\u00bb link_option_url=\u00a0\u00bbhttps:\/\/www.eastborn.nl\/inspiratie\u00a0\u00bb link_option_url_new_window=\u00a0\u00bbon\u00a0\u00bb box_shadow_style=\u00a0\u00bbpreset1&Prime; box_shadow_blur=\u00a0\u00bb11px\u00a0\u00bb global_colors_info=\u00a0\u00bb{}\u00a0\u00bb parent_button=\u00a0\u00bboff\u00a0\u00bb parent_header_level=\u00a0\u00bbh4&Prime; parent_stretch_image=\u00a0\u00bboff\u00a0\u00bb]<\/p>\n<p>Chez Eastborn, votre confort de sommeil est au c\u0153ur du d\u00e9veloppement de nos produits. Chaque Eastborn est fabriqu\u00e9 dans la plus pure tradition n\u00e9erlandaise. Et nous n&rsquo;utilisons que les meilleurs mat\u00e9riaux. D&rsquo;une petite usine en 1959, nous sommes pass\u00e9s \u00e0 un site de production moderne de plus de 20 000 m2. Nous soutenons ce projet au maximum et sommes tr\u00e8s heureux de partager nos connaissances avec nos clients. Dans le m\u00eame temps, nous sommes \u00e9galement tr\u00e8s heureux de partager nos connaissances afin d&rsquo;informer encore mieux les consommateurs.     <\/p>\n<p>[\/dsm_card_carousel_child][dsm_card_carousel_child title=\u00a0\u00bbPullman\u00a0\u00bb image=\u00a0\u00bbhttps:\/\/mindthebed.com\/wp-content\/uploads\/2025\/09\/pullman-logo.png\u00a0\u00bb image_as_background=\u00a0\u00bboff\u00a0\u00bb image_alignment=\u00a0\u00bbcenter\u00a0\u00bb badge_url_new_window=\u00a0\u00bbon\u00a0\u00bb content_padding=\u00a0\u00bb20px|20px|30px|20px|false|false\u00a0\u00bb button_url_new_window=\u00a0\u00bb1&Prime; _builder_version=\u00a0\u00bb4.27.4&Prime; _module_preset=\u00a0\u00bbdefault\u00a0\u00bb header_line_height=\u00a0\u00bb2.5em\u00a0\u00bb body_font=\u00a0\u00bb|300|||||||\u00a0\u00bb body_text_color=\u00a0\u00bb#000000&Prime; body_font_size=\u00a0\u00bb18px\u00a0\u00bb custom_padding=\u00a0\u00bb30px||||false|false\u00a0\u00bb link_option_url=\u00a0\u00bbhttps:\/\/www.pullman.nl\u00a0\u00bb link_option_url_new_window=\u00a0\u00bbon\u00a0\u00bb box_shadow_style=\u00a0\u00bbpreset1&Prime; box_shadow_blur=\u00a0\u00bb11px\u00a0\u00bb global_colors_info=\u00a0\u00bb{}\u00a0\u00bb parent_button=\u00a0\u00bboff\u00a0\u00bb parent_header_level=\u00a0\u00bbh4&Prime; parent_stretch_image=\u00a0\u00bboff\u00a0\u00bb]<\/p>\n<p>Plus de 150 ans d&rsquo;exp\u00e9rience dans le d\u00e9veloppement et la fabrication de matelas de soutien corporel, voil\u00e0 ce qui distingue Pullman dans l&rsquo;industrie d&rsquo;aujourd&rsquo;hui. D\u00e8s 1858, George Mortimer Pullman a cr\u00e9\u00e9 dans les wagons de train un confort de couchage in\u00e9gal\u00e9 pour une nuit de sommeil optimale. Depuis le d\u00e9but du si\u00e8cle dernier, ces magnifiques matelas et lits sont produits aux Pays-Bas. La coop\u00e9ration avec Mindthebed nous permet de consolider les connaissances au sein de notre entreprise et de les partager avec un large public.   <\/p>\n<p>[\/dsm_card_carousel_child][dsm_card_carousel_child title=\u00a0\u00bbTripleR\u00a0\u00bb image=\u00a0\u00bbhttps:\/\/mindthebed.com\/wp-content\/uploads\/2025\/12\/150ppi_multicolor_mattressID_BG_byTripleR.png\u00a0\u00bb image_as_background=\u00a0\u00bboff\u00a0\u00bb image_alignment=\u00a0\u00bbcenter\u00a0\u00bb badge_url_new_window=\u00a0\u00bbon\u00a0\u00bb content_padding=\u00a0\u00bb20px|20px|30px|20px|false|false\u00a0\u00bb button_url_new_window=\u00a0\u00bb1&Prime; _builder_version=\u00a0\u00bb4.27.5&Prime; _module_preset=\u00a0\u00bbdefault\u00a0\u00bb header_line_height=\u00a0\u00bb2.5em\u00a0\u00bb body_font=\u00a0\u00bb|300|||||||\u00a0\u00bb body_text_color=\u00a0\u00bb#000000&Prime; body_font_size=\u00a0\u00bb18px\u00a0\u00bb custom_padding=\u00a0\u00bb30px||||false|false\u00a0\u00bb link_option_url=\u00a0\u00bbhttps:\/\/www.tripler.io\u00a0\u00bb link_option_url_new_window=\u00a0\u00bbon\u00a0\u00bb box_shadow_style=\u00a0\u00bbpreset1&Prime; box_shadow_blur=\u00a0\u00bb11px\u00a0\u00bb global_colors_info=\u00a0\u00bb{}\u00a0\u00bb parent_button=\u00a0\u00bboff\u00a0\u00bb parent_header_level=\u00a0\u00bbh4&Prime; parent_stretch_image=\u00a0\u00bboff\u00a0\u00bb]<\/p>\n<p>Fond\u00e9e par les v\u00e9t\u00e9rans de l&rsquo;industrie Stefaan Cognie et Rik Holvoet, TripleR.io construit la plateforme d&rsquo;\u00e9conomie circulaire de nouvelle g\u00e9n\u00e9ration qui unit les fabricants, les recycleurs et les consommateurs au sein d&rsquo;un \u00e9cosyst\u00e8me connect\u00e9 gr\u00e2ce aux Passeports Num\u00e9riques de Produits (DPP)<span> pour les secteurs de la literie et de l&rsquo;ameublement. De cette mani\u00e8re, TripleR permet une logistique intelligente, la r\u00e9cup\u00e9ration des mat\u00e9riaux et une tra\u00e7abilit\u00e9 compl\u00e8te tout au long du cycle de vie, jetant ainsi les bases d&rsquo;une v\u00e9ritable circularit\u00e9. Collaborer et approfondir notre partenariat avec Mindthebed.com est une \u00e9tape logique pour nous.  <\/span><\/p>\n<p>[\/dsm_card_carousel_child][dsm_card_carousel_child title=\u00a0\u00bbTextaafoam\u00a0\u00bb image=\u00a0\u00bbhttps:\/\/mindthebed.com\/wp-content\/uploads\/2025\/09\/textaafoam-logo.png\u00a0\u00bb image_as_background=\u00a0\u00bboff\u00a0\u00bb image_alignment=\u00a0\u00bbcenter\u00a0\u00bb badge_url_new_window=\u00a0\u00bbon\u00a0\u00bb content_padding=\u00a0\u00bb20px|20px|30px|20px|false|false\u00a0\u00bb button_url_new_window=\u00a0\u00bb1&Prime; _builder_version=\u00a0\u00bb4.27.4&Prime; _module_preset=\u00a0\u00bbdefault\u00a0\u00bb header_line_height=\u00a0\u00bb2.5em\u00a0\u00bb body_font=\u00a0\u00bb|300|||||||\u00a0\u00bb body_text_color=\u00a0\u00bb#000000&Prime; body_font_size=\u00a0\u00bb18px\u00a0\u00bb custom_padding=\u00a0\u00bb30px||||false|false\u00a0\u00bb link_option_url=\u00a0\u00bbhttps:\/\/textaafoam.eu\u00a0\u00bb link_option_url_new_window=\u00a0\u00bbon\u00a0\u00bb box_shadow_style=\u00a0\u00bbpreset1&Prime; box_shadow_blur=\u00a0\u00bb11px\u00a0\u00bb global_colors_info=\u00a0\u00bb{}\u00a0\u00bb parent_button=\u00a0\u00bboff\u00a0\u00bb parent_header_level=\u00a0\u00bbh4&Prime; parent_stretch_image=\u00a0\u00bboff\u00a0\u00bb]<\/p>\n<p><span style=\"color: #000000;\">Textafoam est une entreprise familiale bas\u00e9e aux Pays-Bas, active dans les textiles de qualit\u00e9, en particulier les tissus (durables). Nous soutenons cette initiative car plus l&rsquo;information est disponible, mieux les clients sont inform\u00e9s des choix qu&rsquo;ils peuvent faire. Les propri\u00e9t\u00e9s des produits et la connaissance des mat\u00e9riaux sont essentielles pour nous. Les propri\u00e9t\u00e9s des produits et la connaissance des mat\u00e9riaux sont essentielles pour nous, en particulier lorsque nous travaillons en tenant compte du milieu et de la production durable en Europe.  <\/span><\/p>\n<p>[\/dsm_card_carousel_child][dsm_card_carousel_child title=\u00a0\u00bbHilding Anders\u00a0\u00bb image=\u00a0\u00bbhttps:\/\/mindthebed.com\/wp-content\/uploads\/2025\/09\/hilding-anders-logo.png\u00a0\u00bb image_as_background=\u00a0\u00bboff\u00a0\u00bb image_alignment=\u00a0\u00bbcenter\u00a0\u00bb badge_url_new_window=\u00a0\u00bbon\u00a0\u00bb content_padding=\u00a0\u00bb20px|20px|30px|20px|false|false\u00a0\u00bb button_url_new_window=\u00a0\u00bb1&Prime; _builder_version=\u00a0\u00bb4.27.4&Prime; _module_preset=\u00a0\u00bbdefault\u00a0\u00bb header_line_height=\u00a0\u00bb2.5em\u00a0\u00bb body_font=\u00a0\u00bb|300|||||||\u00a0\u00bb body_text_color=\u00a0\u00bb#000000&Prime; body_font_size=\u00a0\u00bb18px\u00a0\u00bb custom_padding=\u00a0\u00bb30px||||false|false\u00a0\u00bb link_option_url=\u00a0\u00bbhttps:\/\/www.hildinganders.com\u00a0\u00bb link_option_url_new_window=\u00a0\u00bbon\u00a0\u00bb box_shadow_style=\u00a0\u00bbpreset1&Prime; box_shadow_blur=\u00a0\u00bb11px\u00a0\u00bb global_colors_info=\u00a0\u00bb{}\u00a0\u00bb parent_button=\u00a0\u00bboff\u00a0\u00bb parent_header_level=\u00a0\u00bbh4&Prime; parent_stretch_image=\u00a0\u00bboff\u00a0\u00bb]<\/p>\n<div class=\"nev7se\" data-cp=\"1\" data-nnttsvi=\"1\" data-ntl-tooltip=\"true\" data-sletp=\"false\" data-sm=\"1\" data-ssbp=\"true\" data-sugg-time=\"500\" data-sugg-url=\"https:\/\/clients1.google.com\/complete\/search\" data-uilc=\"nl\" data-vil=\",af,af-ZA,am,am-ET,ar-EG,ar-AE,ar-KW,ar-QA,ar,ar-IL,ar-JO,ar-LB,ar-PS,az,az-AZ,bg,bg-BG,bn,bn-BD,bn-IN,ca,ca-es,cs,cs-CZ,de,de-DE,de-CH,de-AT,de-LI,en,en-US,en-CA,en-AU,en-NZ,en-GB,en-IN,en-KE,en-TZ,en-NG,en-GH,en-PH,en-ZA,es,es-ES,es-AR,es-UY,es-419,es-BO,es-CL,es-CR,es-CO,es-DO,es-EC,es-GT,es-HN,es-NI,es-PA,es-PE,es-PR,es-PY,es-SV,es-VE,es-MX,es-US,eu,eu-ES,fi,fi-FI,fr,fr-FR,fr-CH,fr-BE,gl,gl-ES,gu,gu-IN,he,he-IL,iw,iw-IL,hu,hu-HU,hy,hy-AM,id,id-ID,is,is-IS,it,it-IT,it-CH,ja,ja-JP,jv,jv-ID,ka,ka-GE,km,km-KH,kn,kn-IN,ko,ko-KR,la,lo,lo-LA,lv,lv-LV,ml,ml-IN,mr,mr-IN,ms,ms-MY,nl,nl-NL,nb,nb-NO,ne,ne-NP,pl,pl-PL,pt,pt-BR,pt-PT,ro,ro-RO,ru,ru-RU,si-LK,sk,sk-SK,sr,sr-RS,su,su-ID,sv,sv-SE,sw,sw-TZ,sw-KE,ta,ta-IN,ta-SG,ta-LK,ta-MY,te,te-IN,tr,tr-TR,ur,ur-PK,ur-IN,yue,yue-HK,yue-Hant-HK,zh-HK,zh,zh-CN,zh-cmn,zh-cmn-CN,zh-Hans,zh-Hans-CN,zh-cmn-Hans,zh-cmn-Hans-CN,cmn-CN,cmn-Hans,cmn-Hans-CN,zh-TW,zh-Hant-TW,cmn-TW,cmn-Hant-TW,zh-cmn-TW,zh-cmn-Hant-TW,zu,zu-ZA\" id=\"tw-container\">\n<p><g-expandable-container jscontroller=\"QE1bwd\" data-npd=\"1\" data-slct=\"mnr-c\" jsshadow=\"\" jsaction=\"C7xow:Z6bwpe;xNpQtd:Nh5q2c;U6VCqe:GsRPff;Ep2Mgc:AgioGc;BDs6B:fW2qAb;ep03Ne:AvkpRc;gvA4Rc:yELBLe\"><\/g-expandable-container>Nous sommes l&rsquo;une des principales entreprises de SLAAP, offrant une large gamme de produits qui aident les gens \u00e0 mieux dormir. Avec un large portefeuille de marques internationales et locales, nous sommes fiers de fournir des produits et des services pour le sommeil dans plus de 40 pays \u00e0 travers le monde. Nous soutenons cette initiative parce qu&rsquo;elle contribue \u00e0 notre mission : <g id=\"gid_0\">am\u00e9liorer la vie gr\u00e2ce au sommeil <\/g>. Notre connaissance du sommeil et de son confort, associ\u00e9e \u00e0 une passion commune pour le bien-\u00eatre, est ce qui nous motive.   <\/p>\n<div jsname=\"gI9xcc\" jsslot=\"1\">\n<div jscontroller=\"tZEiM\" jsdata=\"SANFE;_;qxjUaJmfFrPU7M8PptXD0Qs10\" jsaction=\"uQxhTd:d4hecb;lWUBqb:TO5MWb;IcWBXe:hLaFAe;KFlBO:UuREqb;M2HAEc:eNrnOd;KyPa0e:Gz3GTb;rcuQ6b:npT2md\">\n<div class=\"tw-src-ltr\" id=\"tw-ob\">\n<div class=\"oSioSc\">\n<div id=\"tw-target\">\n<div id=\"kAz1tf\" class=\"g9WsWb PZPZlf\" data-attrid=\"tw-targetArea\" data-entityname=\"Google Translate\">\n<div class=\"tw-ta-container tw-nfl\" id=\"tw-target-text-container\" role=\"text\" tabindex=\"0\">\n<pre class=\"tw-data-text tw-text-large tw-ta\" data-placeholder=\"Vertaling\" id=\"tw-target-text\" role=\"text\" data-ved=\"2ahUKEwjZoLOr5fGPAxUzKvsDHabqMLoQ3ewLegQICxAW\" dir=\"ltr\" aria-label=\"Vertaalde tekst: Wij zijn een toonaangevend SLAAP-bedrijf binnen de gezondheids- en wellnessbranche en bieden een breed scala aan producten die mensen helpen beter te slapen. Met een team van bijna 5000 medewerkers streven we ernaar om wereldwijd marktleider te worden in slaapproducten en -diensten. Met een breed portfolio, vari\u00ebrend van luxe en premium tot private label en van internationale tot lokale merken, zijn we er trots op slaapproducten en -diensten te leveren voor alle behoeften in meer dan 40 landen wereldwijd.\" tabindex=\"-1\"><span class=\"Y2IQFc\" lang=\"nl\"><\/span><\/pre>\n<\/div>\n<\/div>\n<\/div>\n<\/div>\n<\/div>\n<div class=\"dURPtb\"><\/div>\n<div jsaction=\"iJE3Ge:yuFC7d;DmzWq:nuBux\">\n<p><g-expandable-container jsname=\"FYBCae\" data-vpload=\"1\" jscontroller=\"QE1bwd\" data-npd=\"1\" data-slct=\"mnr-c\" jsshadow=\"\" jsaction=\"C7xow:Z6bwpe;xNpQtd:Nh5q2c;U6VCqe:GsRPff;Ep2Mgc:AgioGc;BDs6B:fW2qAb;ep03Ne:AvkpRc;gvA4Rc:yELBLe\"><\/g-expandable-container><\/p>\n<div jsname=\"gI9xcc\" jsslot=\"1\"><\/div>\n<p>&nbsp;<\/p>\n<\/div>\n<\/div>\n<\/div>\n<p>&nbsp;<\/p>\n<\/div>\n<div class=\"KFFQ0c xKf9F\"><\/div>\n<p>&nbsp;<\/p>\n<p>[\/dsm_card_carousel_child][dsm_card_carousel_child title=\u00a0\u00bbSchlafmond\u00a0\u00bb image=\u00a0\u00bbhttps:\/\/mindthebed.com\/wp-content\/uploads\/2025\/11\/200Jahre_Logo-Schlafmond.jpg\u00a0\u00bb image_as_background=\u00a0\u00bboff\u00a0\u00bb image_alignment=\u00a0\u00bbcenter\u00a0\u00bb badge_url_new_window=\u00a0\u00bbon\u00a0\u00bb content_padding=\u00a0\u00bb20px|20px|30px|20px|false|false\u00a0\u00bb button_url_new_window=\u00a0\u00bb1&Prime; _builder_version=\u00a0\u00bb4.27.4&Prime; _module_preset=\u00a0\u00bbdefault\u00a0\u00bb header_line_height=\u00a0\u00bb2.5em\u00a0\u00bb body_font=\u00a0\u00bb|300|||||||\u00a0\u00bb body_text_color=\u00a0\u00bb#000000&Prime; body_font_size=\u00a0\u00bb18px\u00a0\u00bb custom_padding=\u00a0\u00bb30px||||false|false\u00a0\u00bb link_option_url=\u00a0\u00bbhttps:\/\/www.schlafmond.de\u00a0\u00bb link_option_url_new_window=\u00a0\u00bbon\u00a0\u00bb box_shadow_style=\u00a0\u00bbpreset1&Prime; box_shadow_blur=\u00a0\u00bb11px\u00a0\u00bb global_colors_info=\u00a0\u00bb{}\u00a0\u00bb parent_button=\u00a0\u00bboff\u00a0\u00bb parent_header_level=\u00a0\u00bbh4&Prime; parent_stretch_image=\u00a0\u00bboff\u00a0\u00bb]<\/p>\n<p>Depuis plus de 200 ans, Schlafmond produit de la literie r\u00e9pondant \u00e0 toutes les exigences d&rsquo;un sommeil sain. En tant que fabricant, Schlafmond accorde une grande importance \u00e0 des produits de haute qualit\u00e9 et respectueux de la peau. Ils sont fabriqu\u00e9s \u00e0 100 % en Allemagne, sur un site de production propre et performant. Reconna\u00eetre et appr\u00e9cier la qualit\u00e9 n\u00e9cessite \u00e9galement des connaissances. C&rsquo;est pourquoi nous soutenons mindthebed.com et sommes heureux de partager nos connaissances.    <\/p>\n<p>[\/dsm_card_carousel_child][dsm_card_carousel_child title=\u00a0\u00bbEntra\u00eenement au sommeil Pays-Bas\u00a0\u00bb image=\u00a0\u00bbhttps:\/\/mindthebed.com\/wp-content\/uploads\/2025\/12\/Slaapopleiding.webp\u00a0\u00bb image_as_background=\u00a0\u00bboff\u00a0\u00bb image_alignment=\u00a0\u00bbcenter\u00a0\u00bb badge_url_new_window=\u00a0\u00bbon\u00a0\u00bb content_padding=\u00a0\u00bb20px|20px|30px|20px|false|false\u00a0\u00bb button_url_new_window=\u00a0\u00bb1&Prime; _builder_version=\u00a0\u00bb4.27.5&Prime; _module_preset=\u00a0\u00bbdefault\u00a0\u00bb header_line_height=\u00a0\u00bb2.5em\u00a0\u00bb body_font=\u00a0\u00bb|300|||||||\u00a0\u00bb body_text_color=\u00a0\u00bb#000000&Prime; body_font_size=\u00a0\u00bb18px\u00a0\u00bb custom_padding=\u00a0\u00bb30px||||false|false\u00a0\u00bb link_option_url=\u00a0\u00bbhttps:\/\/www.slaapopleiding.nl\u00a0\u00bb link_option_url_new_window=\u00a0\u00bbon\u00a0\u00bb hover_enabled=\u00a0\u00bb0&Prime; box_shadow_style=\u00a0\u00bbpreset1&Prime; box_shadow_blur=\u00a0\u00bb11px\u00a0\u00bb global_colors_info=\u00a0\u00bb{}\u00a0\u00bb parent_button=\u00a0\u00bboff\u00a0\u00bb parent_header_level=\u00a0\u00bbh4&Prime; parent_stretch_image=\u00a0\u00bboff\u00a0\u00bb title_text=\u00a0\u00bbSlaapopleiding\u00a0\u00bb sticky_enabled=\u00a0\u00bb0&Prime;]<\/p>\n<p><span>Chez <strong data-start=\"113\" data-end=\"142\">Slaap Opleiding Nederland<\/strong>, nous pensons qu&rsquo;un bon sommeil est la base d&rsquo;une vie saine et heureuse. C&rsquo;est pourquoi nous aidons les professionnels de la sant\u00e9 \u00e0 am\u00e9liorer leurs connaissances, leurs comp\u00e9tences et leur sensibilisation au sommeil. Cela leur permet d&rsquo;aider efficacement ceux qui ont des probl\u00e8mes de sommeil et, ensemble, nous travaillons au bien-\u00eatre physique et mental des Pays-Bas.  <\/span><\/p>\n<p><span>C&rsquo;est pourquoi nous aimons collaborer avec mindthebed.com, car de bonnes informations sur le sommeil et le confort du sommeil sont vraiment importantes !<\/span><\/p>\n<p>[\/dsm_card_carousel_child][\/dsm_card_carousel][\/et_pb_column][\/et_pb_row][\/et_pb_section][et_pb_section fb_built=\u00a0\u00bb1&Prime; _builder_version=\u00a0\u00bb4.27.4&Prime; _module_preset=\u00a0\u00bbdefault\u00a0\u00bb global_colors_info=\u00a0\u00bb{}\u00a0\u00bb][\/et_pb_section]<\/p>\n","protected":false},"excerpt":{"rendered":"<p>Partenaires Notre objectif est d&rsquo;attirer consciemment votre attention sur le sommeil et son confort. D&rsquo;o\u00f9 notre slogan Mind the bed ! Nous n&rsquo;y parvenons que gr\u00e2ce \u00e0 l&rsquo;aide de partenaires motiv\u00e9s qui nous soutiennent. Une communication ouverte, une circulation fluide des connaissances acquises quotidiennement et une \u00e9quipe de collaborateurs ind\u00e9pendants sont les garants de notre mission. Nous voulons vous montrer, en tant que consommateurs ou utilisateurs finaux, les arbres proverbiaux \u00e0 travers la for\u00eat. Vous informer et vous guider avec un contenu solide, de pr\u00e9f\u00e9rence scientifique, mais certainement toujours de haute qualit\u00e9, qui vous aide lorsque vous voulez en savoir plus sur votre sommeil, votre lit, votre couette ou votre oreiller. Devenez vous aussi un partenaire de connaissance ? Contactez-nous via les canaux en bas de cette page. <div class=\"et_pb_module dsm_card_carousel dsm_card_carousel_0 dsm_card_carousel_layout_stacked  dsm_card_carousel_equal_height dsm_card_carousel_arrow_outside dsm_card_carousel_arrow_mobile_inside\">\n\t\t\t\t\n\t\t\t\t\n\t\t\t\t\n\t\t\t\t\n\t\t\t\t\n\t\t\t\t\n\t\t\t\t<div class=\"et_pb_module_inner\">\n\t\t\t\t\t\n\t\t\t\n\t\t\t<div class=\"swiper-container dsm_card_carousel_wrapper\" dir=\"ltr\" data-params=\"[{&quot;direction&quot;:&quot;horizontal&quot;,&quot;effect&quot;:&quot;default&quot;,&quot;slider_effect_shadows&quot;:false,&quot;slider_effect_coverflow_rotate&quot;:&quot;30&quot;,&quot;slider_effect_coverflow_depth&quot;:&quot;0&quot;,&quot;loop&quot;:true,&quot;infinite_smooth_scrolling&quot;:false,&quot;slide_to_show&quot;:&quot;3&quot;,&quot;slide_to_show_tablet&quot;:&quot;1&quot;,&quot;slide_to_show_phone&quot;:&quot;1&quot;,&quot;slide_to_scroll&quot;:&quot;1&quot;,&quot;slide_to_scroll_tablet&quot;:&quot;1&quot;,&quot;slide_to_scroll_phone&quot;:&quot;1&quot;,&quot;space_between&quot;:&quot;25&quot;,&quot;space_between_tablet&quot;:&quot;25&quot;,&quot;space_between_phone&quot;:&quot;25&quot;,&quot;centered_slides&quot;:false,&quot;multiple_slide_row&quot;:&quot;off&quot;,&quot;slide_row&quot;:&quot;1&quot;,&quot;slide_row_tablet&quot;:&quot;1&quot;,&quot;slide_row_phone&quot;:&quot;1&quot;,&quot;speed&quot;:&quot;300&quot;,&quot;autoplay&quot;:false,&quot;autoplay_speed&quot;:&quot;3000&quot;,&quot;autoplay_viewport&quot;:&quot;&quot;,&quot;touch_move&quot;:true,&quot;grab&quot;:true,&quot;pause_on_hover&quot;:false,&quot;mousewheel&quot;:false,&quot;auto_height&quot;:false,&quot;equal_height&quot;:false,&quot;equal_height_tablet&quot;:true,&quot;equal_height_phone&quot;:true}]\">\n\t\t\t<div class=\"swiper-wrapper\"><\/div>\n\t\t\t<\/div><div class=\"swiper-button-prev dsm_card_carousel_arrow\" data-icon=\"4\"><\/div><div class=\"swiper-button-next dsm_card_carousel_arrow\" data-icon=\"5\"><\/div><div class=\"swiper-pagination dsm_card_carousel_pagination\"><\/div>\n\t\t\t\t<\/div>\n\t\t\t<\/div><div class=\"dsm_card_carousel_child dsm_card_carousel_child_0 et_clickable swiper-slide\">\n\t\t\t\t\n\t\t\t\t\n\t\t\t\t\n\t\t\t\t\n\t\t\t\t\n\t\t\t\t\n\t\t\t\t<div class=\"et_pb_module_inner\">\n\t\t\t\t\t\n\t\t\t\n\t\t\t<figure class=\"dsm_card_carousel_child_image_wrapper dsm_card_carousel_child_badge_top_right\"><img decoding=\"async\" src=\"https:\/\/mindthebed.com\/wp-content\/uploads\/2025\/09\/eastborn-logo.png\" alt=\"\" class=\"dsm_card_carousel_child_img  dsm_card_carousel_image_stretch skip-lazy\" \/><\/figure>\n\t\t\t<div class=\"dsm_card_wrapper et_pb_text_align_left et_pb_bg_layout_light\">\n\t\t\t\t\t<h4 class=\"dsm_card_title et_pb_module_header\">Eastborn<\/h4>\n\t\t\t\t\t\n\t\t\t\t\t\n\t\t\t\t\t\n\t\t\t\t<\/div>\n\t\t\t\t<\/div>\n\t\t\t<\/div>Chez Eastborn, votre confort de sommeil est au c\u0153ur du d\u00e9veloppement de nos produits. Chaque Eastborn est fabriqu\u00e9 dans la plus pure tradition n\u00e9erlandaise. Et nous n&rsquo;utilisons que les meilleurs mat\u00e9riaux. D&rsquo;une petite usine en 1959,&#8230;<\/p>\n","protected":false},"author":1,"featured_media":0,"parent":0,"menu_order":0,"comment_status":"closed","ping_status":"closed","template":"","meta":{"_et_pb_use_builder":"on","_et_pb_old_content":"","_et_gb_content_width":"","footnotes":""},"class_list":["post-7404","page","type-page","status-publish","hentry"],"featured_image_src":null,"_links":{"self":[{"href":"https:\/\/mindthebed.com\/fr\/wp-json\/wp\/v2\/pages\/7404","targetHints":{"allow":["GET"]}}],"collection":[{"href":"https:\/\/mindthebed.com\/fr\/wp-json\/wp\/v2\/pages"}],"about":[{"href":"https:\/\/mindthebed.com\/fr\/wp-json\/wp\/v2\/types\/page"}],"author":[{"embeddable":true,"href":"https:\/\/mindthebed.com\/fr\/wp-json\/wp\/v2\/users\/1"}],"replies":[{"embeddable":true,"href":"https:\/\/mindthebed.com\/fr\/wp-json\/wp\/v2\/comments?post=7404"}],"version-history":[{"count":16,"href":"https:\/\/mindthebed.com\/fr\/wp-json\/wp\/v2\/pages\/7404\/revisions"}],"predecessor-version":[{"id":7722,"href":"https:\/\/mindthebed.com\/fr\/wp-json\/wp\/v2\/pages\/7404\/revisions\/7722"}],"wp:attachment":[{"href":"https:\/\/mindthebed.com\/fr\/wp-json\/wp\/v2\/media?parent=7404"}],"curies":[{"name":"wp","href":"https:\/\/api.w.org\/{rel}","templated":true}]}}