{"id":5154,"date":"2024-05-22T08:21:57","date_gmt":"2024-05-22T06:21:57","guid":{"rendered":"https:\/\/mindthebed.com\/a-propos-de-nous\/"},"modified":"2025-06-13T14:08:26","modified_gmt":"2025-06-13T12:08:26","slug":"a-propos-de-nous","status":"publish","type":"page","link":"https:\/\/mindthebed.com\/fr\/a-propos-de-nous\/","title":{"rendered":"A propos de nous"},"content":{"rendered":"<p>[et_pb_section fb_built=\u00a0\u00bb1&Prime; custom_padding_last_edited=\u00a0\u00bbon|phone\u00a0\u00bb _builder_version=\u00a0\u00bb4.25.1&Prime; _module_preset=\u00a0\u00bbdefault\u00a0\u00bb custom_padding=\u00a0\u00bb101px||2px||false|\u00a0\u00bb custom_padding_tablet=\u00a0\u00bb101px||101px||false|\u00a0\u00bb custom_padding_phone=\u00a0\u00bb50px|20px|50px|20px|false|true\u00a0\u00bb locked=\u00a0\u00bboff\u00a0\u00bb global_colors_info=\u00a0\u00bb{}\u00a0\u00bb][et_pb_row _builder_version=\u00a0\u00bb4.25.1&Prime; _module_preset=\u00a0\u00bbdefault\u00a0\u00bb width_tablet=\u00a0\u00bb\u00a0\u00bb width_phone=\u00a0\u00bb100%\u00a0\u00bb width_last_edited=\u00a0\u00bbon|phone\u00a0\u00bb max_width_tablet=\u00a0\u00bb\u00a0\u00bb max_width_phone=\u00a0\u00bb\u00a0\u00bb max_width_last_edited=\u00a0\u00bbon|phone\u00a0\u00bb global_colors_info=\u00a0\u00bb{}\u00a0\u00bb][et_pb_column type=\u00a0\u00bb4_4&Prime; _builder_version=\u00a0\u00bb4.25.1&Prime; _module_preset=\u00a0\u00bbdefault\u00a0\u00bb global_colors_info=\u00a0\u00bb{}\u00a0\u00bb][et_pb_text _builder_version=\u00a0\u00bb4.25.1&Prime; _module_preset=\u00a0\u00bbdefault\u00a0\u00bb text_text_color=\u00a0\u00bb#000000&Prime; text_font_size=\u00a0\u00bb20px\u00a0\u00bb text_line_height=\u00a0\u00bb1.6em\u00a0\u00bb link_font=\u00a0\u00bb|700|||||||\u00a0\u00bb link_text_color=\u00a0\u00bb#000000&Prime; header_text_align=\u00a0\u00bbcenter\u00a0\u00bb header_2_text_color=\u00a0\u00bb#003F73&Prime; header_2_line_height=\u00a0\u00bb1.2em\u00a0\u00bb custom_padding=\u00a0\u00bb||||false|false\u00a0\u00bb text_font_size_tablet=\u00a0\u00bb20px\u00a0\u00bb text_font_size_phone=\u00a0\u00bb18px\u00a0\u00bb text_font_size_last_edited=\u00a0\u00bbon|phone\u00a0\u00bb locked=\u00a0\u00bboff\u00a0\u00bb global_colors_info=\u00a0\u00bb{}\u00a0\u00bb]<\/p>\n<h2>Introduction<\/h2>\n<p>Nous aimerions partager avec vous nos ann\u00e9es d&rsquo;exp\u00e9rience dans le domaine du confort du sommeil. Non pas parce que nous pensons tout savoir, bien au contraire. Parler et \u00e9crire sur le sommeil est devenu une passion. Le monde merveilleux du sommeil est explor\u00e9 jour apr\u00e8s jour, mois apr\u00e8s mois et ann\u00e9e apr\u00e8s ann\u00e9e par des neurologues, des scientifiques du sommeil, des d\u00e9veloppeurs de produits et des technologues du monde entier&#8230; Et nous aimons collecter et partager ces informations parce que nous \u00ab nous occupons du lit \u00bb !   <\/p>\n<p>Et nous le faisons avec une belle \u00e9quipe, car en coulisses, il y a beaucoup de pr\u00e9paration, de lecture et de recherche, et nos textes prennent forme gr\u00e2ce \u00e0 l&rsquo;aide experte d&rsquo;une \u00e9quipe de personnes fines et comp\u00e9tentes ! Et r\u00e9guli\u00e8rement, des coll\u00e8gues tr\u00e8s comp\u00e9tents, issus de tous les domaines, nous rejoignent \u00e0 notre table de r\u00e9daction. <\/p>\n<p>[\/et_pb_text][\/et_pb_column][\/et_pb_row][\/et_pb_section][et_pb_section fb_built=\u00a0\u00bb1&Prime; custom_padding_last_edited=\u00a0\u00bbon|phone\u00a0\u00bb _builder_version=\u00a0\u00bb4.25.1&Prime; _module_preset=\u00a0\u00bbdefault\u00a0\u00bb custom_padding=\u00a0\u00bb35px||35px||true|false\u00a0\u00bb custom_padding_tablet=\u00a0\u00bb100px||100px||true|false\u00a0\u00bb custom_padding_phone=\u00a0\u00bb50px|20px|50px|20px|true|true\u00a0\u00bb global_colors_info=\u00a0\u00bb{}\u00a0\u00bb][et_pb_row column_structure=\u00a0\u00bb1_4,3_4&Prime; custom_padding_last_edited=\u00a0\u00bbon|phone\u00a0\u00bb _builder_version=\u00a0\u00bb4.25.1&Prime; _module_preset=\u00a0\u00bbdefault\u00a0\u00bb width_tablet=\u00a0\u00bb\u00a0\u00bb width_phone=\u00a0\u00bb100%\u00a0\u00bb width_last_edited=\u00a0\u00bbon|phone\u00a0\u00bb max_width_tablet=\u00a0\u00bb\u00a0\u00bb max_width_phone=\u00a0\u00bb\u00a0\u00bb max_width_last_edited=\u00a0\u00bbon|phone\u00a0\u00bb custom_padding=\u00a0\u00bb0px||60px||false|false\u00a0\u00bb custom_padding_tablet=\u00a0\u00bb0px||120px||false|false\u00a0\u00bb custom_padding_phone=\u00a0\u00bb0px||40px||false|false\u00a0\u00bb global_colors_info=\u00a0\u00bb{}\u00a0\u00bb][et_pb_column type=\u00a0\u00bb1_4&Prime; _builder_version=\u00a0\u00bb4.25.1&Prime; _module_preset=\u00a0\u00bbdefault\u00a0\u00bb global_colors_info=\u00a0\u00bb{}\u00a0\u00bb][et_pb_image src=\u00a0\u00bbhttps:\/\/mindthebed.com\/wp-content\/uploads\/2024\/05\/about-ilona.png\u00a0\u00bb title_text=\u00a0\u00bb\u00e0 propos d&apos;ilona\u00a0\u00bb _builder_version=\u00a0\u00bb4.25.1&Prime; _module_preset=\u00a0\u00bbdefault\u00a0\u00bb global_colors_info=\u00a0\u00bb{}\u00a0\u00bb][\/et_pb_image][\/et_pb_column][et_pb_column type=\u00a0\u00bb3_4&Prime; _builder_version=\u00a0\u00bb4.25.1&Prime; _module_preset=\u00a0\u00bbdefault\u00a0\u00bb global_colors_info=\u00a0\u00bb{}\u00a0\u00bb][et_pb_text _builder_version=\u00a0\u00bb4.25.1&Prime; _module_preset=\u00a0\u00bbdefault\u00a0\u00bb text_text_color=\u00a0\u00bb#000000&Prime; text_font_size=\u00a0\u00bb18px\u00a0\u00bb text_line_height=\u00a0\u00bb1.6em\u00a0\u00bb text_font_size_tablet=\u00a0\u00bb18px\u00a0\u00bb text_font_size_phone=\u00a0\u00bb16px\u00a0\u00bb text_font_size_last_edited=\u00a0\u00bbon|phone\u00a0\u00bb global_colors_info=\u00a0\u00bb{}\u00a0\u00bb]<\/p>\n<p><a href=\"https:\/\/www.linkedin.com\/in\/ilona-migdalski-34357824b\/\" target=\"_blank\" rel=\"noopener\">Ilona Migdalski<\/a> est une r\u00e9dactrice exp\u00e9riment\u00e9e et son activit\u00e9 consiste \u00e0 r\u00e9diger des textes attrayants. Si vous en retirez quelque chose, elle est heureuse ! Elle aime la lecture &#8211; comment pourrait-il en \u00eatre autrement &#8211; mais aussi le sport et sa famille ! En tant que m\u00e8re de trois adolescents, elle sait \u00e0 quel point une bonne nuit de sommeil est importante. C&rsquo;est pourquoi elle met \u00e0 profit son talent d&rsquo;\u00e9crivain pour vous donner des astuces et des conseils int\u00e9ressants sur le sommeil.    <\/p>\n<p>[\/et_pb_text][\/et_pb_column][\/et_pb_row][et_pb_row column_structure=\u00a0\u00bb1_4,3_4&Prime; custom_padding_last_edited=\u00a0\u00bbon|phone\u00a0\u00bb _builder_version=\u00a0\u00bb4.25.1&Prime; _module_preset=\u00a0\u00bbdefault\u00a0\u00bb width_tablet=\u00a0\u00bb\u00a0\u00bb width_phone=\u00a0\u00bb100%\u00a0\u00bb width_last_edited=\u00a0\u00bbon|phone\u00a0\u00bb max_width_tablet=\u00a0\u00bb\u00a0\u00bb max_width_phone=\u00a0\u00bb\u00a0\u00bb max_width_last_edited=\u00a0\u00bbon|phone\u00a0\u00bb custom_padding=\u00a0\u00bb0px||60px||false|false\u00a0\u00bb custom_padding_tablet=\u00a0\u00bb0px||120px||false|false\u00a0\u00bb custom_padding_phone=\u00a0\u00bb0px||40px||false|false\u00a0\u00bb global_colors_info=\u00a0\u00bb{}\u00a0\u00bb][et_pb_column type=\u00a0\u00bb1_4&Prime; _builder_version=\u00a0\u00bb4.25.1&Prime; _module_preset=\u00a0\u00bbdefault\u00a0\u00bb global_colors_info=\u00a0\u00bb{}\u00a0\u00bb][et_pb_image src=\u00a0\u00bbhttps:\/\/mindthebed.com\/wp-content\/uploads\/2024\/05\/about-marco.png\u00a0\u00bb title_text=\u00a0\u00bb\u00e0 propos de marco\u00a0\u00bb _builder_version=\u00a0\u00bb4.25.1&Prime; _module_preset=\u00a0\u00bbdefault\u00a0\u00bb global_colors_info=\u00a0\u00bb{}\u00a0\u00bb][\/et_pb_image][\/et_pb_column][et_pb_column type=\u00a0\u00bb3_4&Prime; _builder_version=\u00a0\u00bb4.25.1&Prime; _module_preset=\u00a0\u00bbdefault\u00a0\u00bb global_colors_info=\u00a0\u00bb{}\u00a0\u00bb][et_pb_text _builder_version=\u00a0\u00bb4.25.1&Prime; _module_preset=\u00a0\u00bbdefault\u00a0\u00bb text_text_color=\u00a0\u00bb#000000&Prime; text_font_size=\u00a0\u00bb18px\u00a0\u00bb text_line_height=\u00a0\u00bb1.6em\u00a0\u00bb text_font_size_tablet=\u00a0\u00bb18px\u00a0\u00bb text_font_size_phone=\u00a0\u00bb16px\u00a0\u00bb text_font_size_last_edited=\u00a0\u00bbon|phone\u00a0\u00bb global_colors_info=\u00a0\u00bb{}\u00a0\u00bb]<\/p>\n<p><a href=\"https:\/\/www.linkedin.com\/in\/marcoachtereekte\/\" target=\"_blank\" rel=\"noopener\">Marco Achtereekte<\/a> est la force motrice d \u00ab <a href=\"https:\/\/www.alastor.info\/kennis-van-slapen\/\" target=\"_blank\" rel=\"noopener\">Alastor<\/a>, qui repr\u00e9sente Neves et Schlafmond dans l&rsquo;industrie du sommeil. En plus d \u00bb \u00eatre p\u00e8re et partenaire, Marco a \u00e9t\u00e9 sur la route en tant qu&rsquo;entrepreneur ind\u00e9pendant pendant la quasi-totalit\u00e9 de sa vie professionnelle. Il a \u00e9t\u00e9 directeur g\u00e9n\u00e9ral, directeur de la production et directeur des ventes et du marketing. Il se d\u00e9crit volontiers comme un boy-scout, mais il est avant tout un nom tr\u00e8s connu aux Pays-Bas (et au-del\u00e0) en mati\u00e8re d&rsquo;oreillers et de couettes.   <\/p>\n<p>[\/et_pb_text][\/et_pb_column][\/et_pb_row][et_pb_row column_structure=\u00a0\u00bb1_4,3_4&Prime; custom_padding_last_edited=\u00a0\u00bbon|phone\u00a0\u00bb _builder_version=\u00a0\u00bb4.25.1&Prime; _module_preset=\u00a0\u00bbdefault\u00a0\u00bb width_tablet=\u00a0\u00bb\u00a0\u00bb width_phone=\u00a0\u00bb100%\u00a0\u00bb width_last_edited=\u00a0\u00bbon|phone\u00a0\u00bb max_width_tablet=\u00a0\u00bb\u00a0\u00bb max_width_phone=\u00a0\u00bb\u00a0\u00bb max_width_last_edited=\u00a0\u00bbon|phone\u00a0\u00bb custom_padding=\u00a0\u00bb0px||59px||false|false\u00a0\u00bb custom_padding_tablet=\u00a0\u00bb0px||120px||false|false\u00a0\u00bb custom_padding_phone=\u00a0\u00bb0px||40px||false|false\u00a0\u00bb global_colors_info=\u00a0\u00bb{}\u00a0\u00bb][et_pb_column type=\u00a0\u00bb1_4&Prime; _builder_version=\u00a0\u00bb4.25.1&Prime; _module_preset=\u00a0\u00bbdefault\u00a0\u00bb global_colors_info=\u00a0\u00bb{}\u00a0\u00bb][et_pb_image src=\u00a0\u00bbhttps:\/\/mindthebed.com\/wp-content\/uploads\/2024\/05\/about-johnno.png\u00a0\u00bb title_text=\u00a0\u00bb\u00e0 propos de johnno\u00a0\u00bb _builder_version=\u00a0\u00bb4.25.1&Prime; _module_preset=\u00a0\u00bbdefault\u00a0\u00bb global_colors_info=\u00a0\u00bb{}\u00a0\u00bb][\/et_pb_image][\/et_pb_column][et_pb_column type=\u00a0\u00bb3_4&Prime; _builder_version=\u00a0\u00bb4.25.1&Prime; _module_preset=\u00a0\u00bbdefault\u00a0\u00bb global_colors_info=\u00a0\u00bb{}\u00a0\u00bb][et_pb_text _builder_version=\u00a0\u00bb4.25.1&Prime; _module_preset=\u00a0\u00bbdefault\u00a0\u00bb text_text_color=\u00a0\u00bb#000000&Prime; text_font_size=\u00a0\u00bb18px\u00a0\u00bb text_line_height=\u00a0\u00bb1.6em\u00a0\u00bb text_font_size_tablet=\u00a0\u00bb18px\u00a0\u00bb text_font_size_phone=\u00a0\u00bb16px\u00a0\u00bb text_font_size_last_edited=\u00a0\u00bbon|phone\u00a0\u00bb global_colors_info=\u00a0\u00bb{}\u00a0\u00bb]<\/p>\n<p><a href=\"https:\/\/www.linkedin.com\/in\/johnno-van-den-brink-9647481b0\/\" target=\"_blank\" rel=\"noopener\">Johnno van de Brink<\/a> est un sp\u00e9cialiste du r\u00e9f\u00e9rencement n\u00e9 et il aime vraiment mordre dans la cr\u00e9ation d&rsquo;un bon contenu. Il nous tient en haleine en mati\u00e8re de r\u00e9f\u00e9rencement. Bien entendu, en tant que jeune p\u00e8re, il sait parfaitement \u00e0 quel point le sommeil est important.  <\/p>\n<p>[\/et_pb_text][\/et_pb_column][\/et_pb_row][et_pb_row column_structure=\u00a0\u00bb1_4,3_4&Prime; custom_padding_last_edited=\u00a0\u00bbon|phone\u00a0\u00bb _builder_version=\u00a0\u00bb4.25.1&Prime; _module_preset=\u00a0\u00bbdefault\u00a0\u00bb width_tablet=\u00a0\u00bb\u00a0\u00bb width_phone=\u00a0\u00bb100%\u00a0\u00bb width_last_edited=\u00a0\u00bbon|phone\u00a0\u00bb max_width_tablet=\u00a0\u00bb\u00a0\u00bb max_width_phone=\u00a0\u00bb\u00a0\u00bb max_width_last_edited=\u00a0\u00bbon|phone\u00a0\u00bb custom_padding=\u00a0\u00bb0px||60px||false|false\u00a0\u00bb custom_padding_tablet=\u00a0\u00bb0px||120px||false|false\u00a0\u00bb custom_padding_phone=\u00a0\u00bb0px||40px||false|false\u00a0\u00bb global_colors_info=\u00a0\u00bb{}\u00a0\u00bb][et_pb_column type=\u00a0\u00bb1_4&Prime; _builder_version=\u00a0\u00bb4.25.1&Prime; _module_preset=\u00a0\u00bbdefault\u00a0\u00bb global_colors_info=\u00a0\u00bb{}\u00a0\u00bb][et_pb_image src=\u00a0\u00bbhttps:\/\/mindthebed.com\/wp-content\/uploads\/2024\/05\/about-jurgen.png\u00a0\u00bb title_text=\u00a0\u00bb\u00e0 propos de-jurgen\u00a0\u00bb _builder_version=\u00a0\u00bb4.25.1&Prime; _module_preset=\u00a0\u00bbdefault\u00a0\u00bb global_colors_info=\u00a0\u00bb{}\u00a0\u00bb][\/et_pb_image][\/et_pb_column][et_pb_column type=\u00a0\u00bb3_4&Prime; _builder_version=\u00a0\u00bb4.25.1&Prime; _module_preset=\u00a0\u00bbdefault\u00a0\u00bb global_colors_info=\u00a0\u00bb{}\u00a0\u00bb][et_pb_text _builder_version=\u00a0\u00bb4.25.1&Prime; _module_preset=\u00a0\u00bbdefault\u00a0\u00bb text_text_color=\u00a0\u00bb#000000&Prime; text_font_size=\u00a0\u00bb18px\u00a0\u00bb text_line_height=\u00a0\u00bb1.6em\u00a0\u00bb text_font_size_tablet=\u00a0\u00bb18px\u00a0\u00bb text_font_size_phone=\u00a0\u00bb16px\u00a0\u00bb text_font_size_last_edited=\u00a0\u00bbon|phone\u00a0\u00bb global_colors_info=\u00a0\u00bb{}\u00a0\u00bb]<\/p>\n<p><a href=\"https:\/\/www.linkedin.com\/in\/j%C3%BCrgen-swinnen-a03a127\/\" target=\"_blank\" rel=\"noopener\">J\u00fcrgen Swinnen<\/a> est le fondateur de cette plateforme et travaille dans le secteur du sommeil depuis 1994. Ce qui le motive, c&rsquo;est qu&rsquo;un consommateur regarde un lit ou un matelas diff\u00e9remment d&rsquo;un fabricant. Apr\u00e8s d&rsquo;innombrables conversations, des centaines de conseils et beaucoup d&rsquo;exp\u00e9rience chez des fabricants et des d\u00e9taillants, son int\u00e9r\u00eat pour le sommeil et les produits du sommeil s&rsquo;est vraiment \u00e9veill\u00e9. Il a travaill\u00e9 en tant que R&amp;D manager et category manager chez <a href=\"https:\/\/www.sleepy.eu\/\" target=\"_blank\" rel=\"noopener\">Sleepy\u00ae<\/a>, un d\u00e9taillant de produits de sommeil tr\u00e8s connu en Belgique. Depuis 2018, d&rsquo;ailleurs, tous les produits Sleepy\u00ae sont disponibles chez <a href=\"https:\/\/www.sleepworld.be\/\" target=\"_blank\" rel=\"noopener\">Sleepworld<\/a> en Belgique et la fantastique marque est \u00e9galement active bien au-del\u00e0 des fronti\u00e8res du pays. Ces derni\u00e8res ann\u00e9es, il s&rsquo;est concentr\u00e9 sur le d\u00e9veloppement de produits et sur les fonctions de formateur et de responsable des ventes pour <a href=\"https:\/\/www.intres.be\/\" target=\"_blank\" rel=\"noopener\">Intres XP<\/a>. Enfin, il est \u00e9galement coach en sommeil au sein du <a href=\"https:\/\/groepspraktijk-remise.be\/teamleden\/#jurgen\" target=\"_blank\" rel=\"noopener\">cabinet de groupe Remise<\/a> \u00e0 Pelt. Son r\u00eave est d&rsquo;informer le plus possible les gens sur le sommeil et en particulier sur le confort du sommeil.         <\/p>\n<p>[\/et_pb_text][\/et_pb_column][\/et_pb_row][\/et_pb_section]<\/p>\n","protected":false},"excerpt":{"rendered":"<p>Introduction Nous aimerions partager avec vous nos ann\u00e9es d&rsquo;exp\u00e9rience dans le domaine du confort du sommeil. Non pas parce que nous pensons tout savoir, bien au contraire. Parler et \u00e9crire sur le sommeil est devenu une passion. Le monde merveilleux du sommeil est explor\u00e9 jour apr\u00e8s jour, mois apr\u00e8s mois et ann\u00e9e apr\u00e8s ann\u00e9e par des neurologues, des scientifiques du sommeil, des d\u00e9veloppeurs de produits et des technologues du monde entier&#8230; Et nous aimons collecter et partager ces informations parce que nous \u00ab nous occupons du lit \u00bb ! Et nous le faisons avec une belle \u00e9quipe, car en coulisses, il y a beaucoup de pr\u00e9paration, de lecture et de recherche, et nos textes prennent forme gr\u00e2ce \u00e0 l&rsquo;aide experte d&rsquo;une \u00e9quipe de personnes fines et comp\u00e9tentes ! Et r\u00e9guli\u00e8rement, des coll\u00e8gues tr\u00e8s comp\u00e9tents, issus de tous les domaines, nous rejoignent \u00e0 notre table de r\u00e9daction. Ilona Migdalski est une r\u00e9dactrice exp\u00e9riment\u00e9e et son activit\u00e9 consiste \u00e0 r\u00e9diger des textes attrayants. Si vous en retirez quelque chose, elle est heureuse ! Elle aime la lecture &#8211; comment pourrait-il en \u00eatre autrement &#8211; mais aussi le sport et sa famille ! En tant que m\u00e8re de trois adolescents, elle sait \u00e0&#8230;<\/p>\n","protected":false},"author":11,"featured_media":0,"parent":0,"menu_order":0,"comment_status":"closed","ping_status":"closed","template":"","meta":{"_et_pb_use_builder":"on","_et_pb_old_content":"","_et_gb_content_width":"","footnotes":""},"class_list":["post-5154","page","type-page","status-publish","hentry"],"featured_image_src":null,"_links":{"self":[{"href":"https:\/\/mindthebed.com\/fr\/wp-json\/wp\/v2\/pages\/5154","targetHints":{"allow":["GET"]}}],"collection":[{"href":"https:\/\/mindthebed.com\/fr\/wp-json\/wp\/v2\/pages"}],"about":[{"href":"https:\/\/mindthebed.com\/fr\/wp-json\/wp\/v2\/types\/page"}],"author":[{"embeddable":true,"href":"https:\/\/mindthebed.com\/fr\/wp-json\/wp\/v2\/users\/11"}],"replies":[{"embeddable":true,"href":"https:\/\/mindthebed.com\/fr\/wp-json\/wp\/v2\/comments?post=5154"}],"version-history":[{"count":13,"href":"https:\/\/mindthebed.com\/fr\/wp-json\/wp\/v2\/pages\/5154\/revisions"}],"predecessor-version":[{"id":7135,"href":"https:\/\/mindthebed.com\/fr\/wp-json\/wp\/v2\/pages\/5154\/revisions\/7135"}],"wp:attachment":[{"href":"https:\/\/mindthebed.com\/fr\/wp-json\/wp\/v2\/media?parent=5154"}],"curies":[{"name":"wp","href":"https:\/\/api.w.org\/{rel}","templated":true}]}}