{"id":7407,"date":"2025-09-09T09:17:51","date_gmt":"2025-09-09T07:17:51","guid":{"rendered":"https:\/\/mindthebed.com\/partner\/"},"modified":"2025-12-05T22:04:11","modified_gmt":"2025-12-05T21:04:11","slug":"partner","status":"publish","type":"page","link":"https:\/\/mindthebed.com\/de\/partner\/","title":{"rendered":"Partner"},"content":{"rendered":"<p>[et_pb_section fb_built=&#8220;1&#8243; _builder_version=&#8220;4.27.4&#8243; _module_preset=&#8220;default&#8220; global_colors_info=&#8220;{}&#8220;][et_pb_row _builder_version=&#8220;4.25.1&#8243; _module_preset=&#8220;default&#8220; width_tablet=&#8220;&#8220; width_phone=&#8220;100%&#8220; width_last_edited=&#8220;on|phone&#8220; max_width_tablet=&#8220;&#8220; max_width_phone=&#8220;&#8220; max_width_last_edited=&#8220;on|phone&#8220; locked=&#8220;off&#8220; global_colors_info=&#8220;{}&#8220;][et_pb_column type=&#8220;4_4&#8243; _builder_version=&#8220;4.25.1&#8243; _module_preset=&#8220;default&#8220; global_colors_info=&#8220;{}&#8220;][et_pb_text _builder_version=&#8220;4.27.4&#8243; _module_preset=&#8220;default&#8220; text_text_color=&#8220;#000000&#8243; text_font_size=&#8220;20px&#8220; text_line_height=&#8220;1.6em&#8220; link_font=&#8220;|700|||||||&#8220; link_text_color=&#8220;#000000&#8243; header_text_align=&#8220;center&#8220; header_2_text_color=&#8220;#003F73&#8243; header_2_line_height=&#8220;1.2em&#8220; custom_padding=&#8220;||||false|false&#8220; text_font_size_tablet=&#8220;20px&#8220; text_font_size_phone=&#8220;18px&#8220; text_font_size_last_edited=&#8220;on|phone&#8220; locked=&#8220;off&#8220; global_colors_info=&#8220;{}&#8220;]<\/p>\n<h2>Partner<\/h2>\n<p>Unser Ziel ist es, Ihre Aufmerksamkeit bewusst auf den Schlaf und den Schlafkomfort zu lenken. Daher auch unser Slogan Mind the bed! Dies k\u00f6nnen wir nur <g id=\"gid_0\">dank der Hilfe von motivierten Wissenspartnern, die uns unterst\u00fctzen<\/g>. Offene Kommunikation, reibungsloser Fluss des t\u00e4glich gewonnenen Wissens und ein <a href=\"https:\/\/mindthebed.com\/de\/ueber-uns\/\">unabh\u00e4ngiges Team von Mitarbeitern<\/a> sch\u00fctzen unsere Mission. Wir wollen Ihnen als Verbraucher oder Endnutzer den sprichw\u00f6rtlichen Weg durch den Wald zeigen. Wir informieren und leiten Sie mit fundierten, vorzugsweise wissenschaftlich fundierten, aber auf jeden Fall immer hochwertigen Inhalten an, die Ihnen helfen, wenn Sie mehr \u00fcber Ihren Schlaf, Ihr Bett, Ihre Bettdecke oder Ihr Kopfkissen wissen m\u00f6chten. Werden auch Sie ein Wissenspartner? Kontaktieren Sie uns \u00fcber die Kan\u00e4le unten auf dieser Seite.       <\/p>\n<p>[\/et_pb_text][\/et_pb_column][\/et_pb_row][et_pb_row _builder_version=&#8220;4.27.4&#8243; _module_preset=&#8220;default&#8220; global_colors_info=&#8220;{}&#8220;][et_pb_column type=&#8220;4_4&#8243; _builder_version=&#8220;4.27.4&#8243; _module_preset=&#8220;default&#8220; global_colors_info=&#8220;{}&#8220;][dsm_card_carousel autoplay=&#8220;off&#8220; space_between=&#8220;25&#8243; equal_height=&#8220;on&#8220; arrows=&#8220;off&#8220; image_width=&#8220;70%&#8220; stretch_image=&#8220;off&#8220; image_alignment=&#8220;center&#8220; _builder_version=&#8220;4.27.5&#8243; _module_preset=&#8220;default&#8220; custom_padding=&#8220;30px|15px|30px|15px|false|false&#8220; hover_enabled=&#8220;0&#8243; global_colors_info=&#8220;{}&#8220; sticky_enabled=&#8220;0&#8243;][dsm_card_carousel_child title=&#8220;Ostgeboren&#8220; image=&#8220;https:\/\/mindthebed.com\/wp-content\/uploads\/2025\/09\/eastborn-logo.png&#8220; image_as_background=&#8220;off&#8220; image_alignment=&#8220;center&#8220; badge_url=&#8220;https:\/\/www.eastborn.nl\/inspiratie&#8220; badge_url_new_window=&#8220;on&#8220; content_padding=&#8220;20px|20px|30px|20px|false|false&#8220; button_url_new_window=&#8220;1&#8243; _builder_version=&#8220;4.27.4&#8243; _module_preset=&#8220;default&#8220; header_line_height=&#8220;2.5em&#8220; body_font=&#8220;|300|||||||&#8220; body_text_color=&#8220;#000000&#8243; body_font_size=&#8220;18px&#8220; custom_padding=&#8220;30px||||false|false&#8220; link_option_url=&#8220;https:\/\/www.eastborn.nl\/inspiratie&#8220; link_option_url_new_window=&#8220;on&#8220; box_shadow_style=&#8220;preset1&#8243; box_shadow_blur=&#8220;11px&#8220; global_colors_info=&#8220;{}&#8220; parent_button=&#8220;off&#8220; parent_header_level=&#8220;h4&#8243; parent_stretch_image=&#8220;off&#8220;]<\/p>\n<p>Bei Eastborn steht Ihr Schlafkomfort bei der Entwicklung unserer Produkte im Mittelpunkt. Jeder Eastborn wird noch immer nach holl\u00e4ndischer Tradition hergestellt. Und wir verwenden nur die allerbesten Materialien. Von einer kleinen Fabrik im Jahr 1959 haben wir uns zu einer modernen Produktionsst\u00e4tte von \u00fcber 20.000 m2 entwickelt. Wir unterst\u00fctzen dieses Projekt nach Kr\u00e4ften und geben unser Wissen auch gerne an unsere Kunden weiter. Gleichzeitig sind wir auch sehr froh, unser Wissen zu teilen, um die Verbraucher noch besser zu informieren.     <\/p>\n<p>[\/dsm_card_carousel_child][dsm_card_carousel_child title=&#8220;Pullman&#8220; image=&#8220;https:\/\/mindthebed.com\/wp-content\/uploads\/2025\/09\/pullman-logo.png&#8220; image_as_background=&#8220;off&#8220; image_alignment=&#8220;center&#8220; badge_url_new_window=&#8220;on&#8220; content_padding=&#8220;20px|20px|30px|20px|false|false&#8220; button_url_new_window=&#8220;1&#8243; _builder_version=&#8220;4.27.4&#8243; _module_preset=&#8220;default&#8220; header_line_height=&#8220;2.5em&#8220; body_font=&#8220;|300|||||||&#8220; body_text_color=&#8220;#000000&#8243; body_font_size=&#8220;18px&#8220; custom_padding=&#8220;30px||||false|false&#8220; link_option_url=&#8220;https:\/\/www.pullman.nl&#8220; link_option_url_new_window=&#8220;on&#8220; box_shadow_style=&#8220;preset1&#8243; box_shadow_blur=&#8220;11px&#8220; global_colors_info=&#8220;{}&#8220; parent_button=&#8220;off&#8220; parent_header_level=&#8220;h4&#8243; parent_stretch_image=&#8220;off&#8220;]<\/p>\n<p>Mehr als 150 Jahre Erfahrung in der Entwicklung und Herstellung von k\u00f6rperst\u00fctzenden Matratzen zeichnen Pullman heute in der Branche aus. George Mortimer Pullman baute bereits 1858 in Zugwaggons einen unvergleichlichen Liegekomfort f\u00fcr eine ultimative Nachtruhe. Und wie schon zu Beginn des letzten Jahrhunderts werden diese sch\u00f6nen Matratzen und Betten in den Niederlanden hergestellt. Die Zusammenarbeit mit Mindthebed hilft uns, das Wissen in unserem Unternehmen zu sichern und es mit einem gro\u00dfen Publikum zu teilen.   <\/p>\n<p>[\/dsm_card_carousel_child][dsm_card_carousel_child title=&#8220;TripleR&#8220; image=&#8220;https:\/\/mindthebed.com\/wp-content\/uploads\/2025\/12\/150ppi_multicolor_mattressID_BG_byTripleR.png&#8220; image_as_background=&#8220;off&#8220; image_alignment=&#8220;center&#8220; badge_url_new_window=&#8220;on&#8220; content_padding=&#8220;20px|20px|30px|20px|false|false&#8220; button_url_new_window=&#8220;1&#8243; _builder_version=&#8220;4.27.5&#8243; _module_preset=&#8220;default&#8220; header_line_height=&#8220;2.5em&#8220; body_font=&#8220;|300|||||||&#8220; body_text_color=&#8220;#000000&#8243; body_font_size=&#8220;18px&#8220; custom_padding=&#8220;30px||||false|false&#8220; link_option_url=&#8220;https:\/\/www.tripler.io&#8220; link_option_url_new_window=&#8220;on&#8220; box_shadow_style=&#8220;preset1&#8243; box_shadow_blur=&#8220;11px&#8220; global_colors_info=&#8220;{}&#8220; parent_button=&#8220;off&#8220; parent_header_level=&#8220;h4&#8243; parent_stretch_image=&#8220;off&#8220;]<\/p>\n<p>Gegr\u00fcndet von den Branchenveteranen Stefaan Cognie und Rik Holvoet, baut TripleR.io die Kreislaufwirtschaftsplattform der n\u00e4chsten Generation auf, die Hersteller, Recycler und Verbraucher dank Digitaler Produktp\u00e4sse (DPP)<span> f\u00fcr die Bettwaren- und M\u00f6belindustrie in einem verbundenen \u00d6kosystem vereint. Auf diese Weise erm\u00f6glicht TripleR intelligente Logistik, Materialr\u00fcckgewinnung und eine vollst\u00e4ndige R\u00fcckverfolgbarkeit des gesamten Lebenszyklus und legt damit den Grundstein f\u00fcr eine echte Kreislaufwirtschaft. Die Zusammenarbeit und Vertiefung unserer Partnerschaft mit Mindthebed.com ist ein logischer Schritt f\u00fcr uns.  <\/span><\/p>\n<p>[\/dsm_card_carousel_child][dsm_card_carousel_child title=&#8220;Textaafoam&#8220; image=&#8220;https:\/\/mindthebed.com\/wp-content\/uploads\/2025\/09\/textaafoam-logo.png&#8220; image_as_background=&#8220;off&#8220; image_alignment=&#8220;center&#8220; badge_url_new_window=&#8220;on&#8220; content_padding=&#8220;20px|20px|30px|20px|false|false&#8220; button_url_new_window=&#8220;1&#8243; _builder_version=&#8220;4.27.4&#8243; _module_preset=&#8220;default&#8220; header_line_height=&#8220;2.5em&#8220; body_font=&#8220;|300|||||||&#8220; body_text_color=&#8220;#000000&#8243; body_font_size=&#8220;18px&#8220; custom_padding=&#8220;30px||||false|false&#8220; link_option_url=&#8220;https:\/\/textaafoam.eu&#8220; link_option_url_new_window=&#8220;on&#8220; box_shadow_style=&#8220;preset1&#8243; box_shadow_blur=&#8220;11px&#8220; global_colors_info=&#8220;{}&#8220; parent_button=&#8220;off&#8220; parent_header_level=&#8220;h4&#8243; parent_stretch_image=&#8220;off&#8220;]<\/p>\n<p><span style=\"color: #000000;\">Textafoam ist ein niederl\u00e4ndisches Familienunternehmen, das im Bereich Qualit\u00e4tstextilien, insbesondere (nachhaltige) Stoffe, t\u00e4tig ist. Wir unterst\u00fctzen diese Initiative, denn je mehr Informationen zur Verf\u00fcgung stehen, desto besser sind die Kunden \u00fcber die Entscheidungen, die sie treffen k\u00f6nnen, informiert. Vor allem, wenn wir mit R\u00fccksicht auf das Milieu und die nachhaltige Produktion in Europa arbeiten.  <\/span><\/p>\n<p>[\/dsm_card_carousel_child][dsm_card_carousel_child title=&#8220;Hilding Anders&#8220; image=&#8220;https:\/\/mindthebed.com\/wp-content\/uploads\/2025\/09\/hilding-anders-logo.png&#8220; image_as_background=&#8220;off&#8220; image_alignment=&#8220;center&#8220; badge_url_new_window=&#8220;on&#8220; content_padding=&#8220;20px|20px|30px|20px|false|false&#8220; button_url_new_window=&#8220;1&#8243; _builder_version=&#8220;4.27.4&#8243; _module_preset=&#8220;default&#8220; header_line_height=&#8220;2.5em&#8220; body_font=&#8220;|300|||||||&#8220; body_text_color=&#8220;#000000&#8243; body_font_size=&#8220;18px&#8220; custom_padding=&#8220;30px||||false|false&#8220; link_option_url=&#8220;https:\/\/www.hildinganders.com&#8220; link_option_url_new_window=&#8220;on&#8220; box_shadow_style=&#8220;preset1&#8243; box_shadow_blur=&#8220;11px&#8220; global_colors_info=&#8220;{}&#8220; parent_button=&#8220;off&#8220; parent_header_level=&#8220;h4&#8243; parent_stretch_image=&#8220;off&#8220;]<\/p>\n<div class=\"nev7se\" data-cp=\"1\" data-nnttsvi=\"1\" data-ntl-tooltip=\"true\" data-sletp=\"false\" data-sm=\"1\" data-ssbp=\"true\" data-sugg-time=\"500\" data-sugg-url=\"https:\/\/clients1.google.com\/complete\/search\" data-uilc=\"nl\" data-vil=\",af,af-ZA,am,am-ET,ar-EG,ar-AE,ar-KW,ar-QA,ar,ar-IL,ar-JO,ar-LB,ar-PS,az,az-AZ,bg,bg-BG,bn,bn-BD,bn-IN,ca,ca-es,cs,cs-CZ,de,de-DE,de-CH,de-AT,de-LI,en,en-US,en-CA,en-AU,en-NZ,en-GB,en-IN,en-KE,en-TZ,en-NG,en-GH,en-PH,en-ZA,es,es-ES,es-AR,es-UY,es-419,es-BO,es-CL,es-CR,es-CO,es-DO,es-EC,es-GT,es-HN,es-NI,es-PA,es-PE,es-PR,es-PY,es-SV,es-VE,es-MX,es-US,eu,eu-ES,fi,fi-FI,fr,fr-FR,fr-CH,fr-BE,gl,gl-ES,gu,gu-IN,he,he-IL,iw,iw-IL,hu,hu-HU,hy,hy-AM,id,id-ID,is,is-IS,it,it-IT,it-CH,ja,ja-JP,jv,jv-ID,ka,ka-GE,km,km-KH,kn,kn-IN,ko,ko-KR,la,lo,lo-LA,lv,lv-LV,ml,ml-IN,mr,mr-IN,ms,ms-MY,nl,nl-NL,nb,nb-NO,ne,ne-NP,pl,pl-PL,pt,pt-BR,pt-PT,ro,ro-RO,ru,ru-RU,si-LK,sk,sk-SK,sr,sr-RS,su,su-ID,sv,sv-SE,sw,sw-TZ,sw-KE,ta,ta-IN,ta-SG,ta-LK,ta-MY,te,te-IN,tr,tr-TR,ur,ur-PK,ur-IN,yue,yue-HK,yue-Hant-HK,zh-HK,zh,zh-CN,zh-cmn,zh-cmn-CN,zh-Hans,zh-Hans-CN,zh-cmn-Hans,zh-cmn-Hans-CN,cmn-CN,cmn-Hans,cmn-Hans-CN,zh-TW,zh-Hant-TW,cmn-TW,cmn-Hant-TW,zh-cmn-TW,zh-cmn-Hant-TW,zu,zu-ZA\" id=\"tw-container\">\n<p><g-expandable-container jscontroller=\"QE1bwd\" data-npd=\"1\" data-slct=\"mnr-c\" jsshadow=\"\" jsaction=\"C7xow:Z6bwpe;xNpQtd:Nh5q2c;U6VCqe:GsRPff;Ep2Mgc:AgioGc;BDs6B:fW2qAb;ep03Ne:AvkpRc;gvA4Rc:yELBLe\"><\/g-expandable-container>Wir sind ein f\u00fchrendes SLAAP-Unternehmen, das eine breite Palette von Produkten anbietet, die Menschen helfen, besser zu schlafen. Mit einem breiten Portfolio von internationalen bis hin zu lokalen Marken sind wir stolz darauf, Schlafprodukte und Dienstleistungen in mehr als 40 L\u00e4ndern weltweit anzubieten. Wir unterst\u00fctzen diese Initiative, weil sie zu unserer Mission beitr\u00e4gt: <em>Leben durch Schlaf zu verbessern <\/em>. Unser Wissen \u00fcber Schlaf und Schlafkomfort, kombiniert mit einer gemeinsamen Leidenschaft f\u00fcr das Wohlbefinden, ist unser Antrieb.   <\/p>\n<div jsname=\"gI9xcc\" jsslot=\"1\">\n<div jscontroller=\"tZEiM\" jsdata=\"SANFE;_;qxjUaJmfFrPU7M8PptXD0Qs10\" jsaction=\"uQxhTd:d4hecb;lWUBqb:TO5MWb;IcWBXe:hLaFAe;KFlBO:UuREqb;M2HAEc:eNrnOd;KyPa0e:Gz3GTb;rcuQ6b:npT2md\">\n<div class=\"tw-src-ltr\" id=\"tw-ob\">\n<div class=\"oSioSc\">\n<div id=\"tw-target\">\n<div id=\"kAz1tf\" class=\"g9WsWb PZPZlf\" data-attrid=\"tw-targetArea\" data-entityname=\"Google Translate\">\n<div class=\"tw-ta-container tw-nfl\" id=\"tw-target-text-container\" role=\"text\" tabindex=\"0\">\n<pre class=\"tw-data-text tw-text-large tw-ta\" data-placeholder=\"Vertaling\" id=\"tw-target-text\" role=\"text\" data-ved=\"2ahUKEwjZoLOr5fGPAxUzKvsDHabqMLoQ3ewLegQICxAW\" dir=\"ltr\" aria-label=\"Vertaalde tekst: Wij zijn een toonaangevend SLAAP-bedrijf binnen de gezondheids- en wellnessbranche en bieden een breed scala aan producten die mensen helpen beter te slapen. Met een team van bijna 5000 medewerkers streven we ernaar om wereldwijd marktleider te worden in slaapproducten en -diensten. Met een breed portfolio, vari\u00ebrend van luxe en premium tot private label en van internationale tot lokale merken, zijn we er trots op slaapproducten en -diensten te leveren voor alle behoeften in meer dan 40 landen wereldwijd.\" tabindex=\"-1\"><span class=\"Y2IQFc\" lang=\"nl\"><\/span><\/pre>\n<\/div>\n<\/div>\n<\/div>\n<\/div>\n<\/div>\n<div class=\"dURPtb\"><\/div>\n<div jsaction=\"iJE3Ge:yuFC7d;DmzWq:nuBux\">\n<p><g-expandable-container jsname=\"FYBCae\" data-vpload=\"1\" jscontroller=\"QE1bwd\" data-npd=\"1\" data-slct=\"mnr-c\" jsshadow=\"\" jsaction=\"C7xow:Z6bwpe;xNpQtd:Nh5q2c;U6VCqe:GsRPff;Ep2Mgc:AgioGc;BDs6B:fW2qAb;ep03Ne:AvkpRc;gvA4Rc:yELBLe\"><\/g-expandable-container><\/p>\n<div jsname=\"gI9xcc\" jsslot=\"1\"><\/div>\n<p>&nbsp;<\/p>\n<\/div>\n<\/div>\n<\/div>\n<p>&nbsp;<\/p>\n<\/div>\n<div class=\"KFFQ0c xKf9F\"><\/div>\n<p>&nbsp;<\/p>\n<p>[\/dsm_card_carousel_child][dsm_card_carousel_child title=&#8220;Schlafmond&#8220; image=&#8220;https:\/\/mindthebed.com\/wp-content\/uploads\/2025\/11\/200Jahre_Logo-Schlafmond.jpg&#8220; image_as_background=&#8220;off&#8220; image_alignment=&#8220;center&#8220; badge_url_new_window=&#8220;on&#8220; content_padding=&#8220;20px|20px|30px|20px|false|false&#8220; button_url_new_window=&#8220;1&#8243; _builder_version=&#8220;4.27.4&#8243; _module_preset=&#8220;default&#8220; header_line_height=&#8220;2.5em&#8220; body_font=&#8220;|300|||||||&#8220; body_text_color=&#8220;#000000&#8243; body_font_size=&#8220;18px&#8220; custom_padding=&#8220;30px||||false|false&#8220; link_option_url=&#8220;https:\/\/www.schlafmond.de&#8220; link_option_url_new_window=&#8220;on&#8220; box_shadow_style=&#8220;preset1&#8243; box_shadow_blur=&#8220;11px&#8220; global_colors_info=&#8220;{}&#8220; parent_button=&#8220;off&#8220; parent_header_level=&#8220;h4&#8243; parent_stretch_image=&#8220;off&#8220;]<\/p>\n<p>Seit mehr als 200 Jahren produziert Schlafmond Bettwaren f\u00fcr alle Anforderungen an einen gesunden Schlaf. Als Hersteller legen sie gro\u00dfen Wert auf hochwertige und hautfreundliche Produkte. Sie produzieren zu 100% in Deutschland an ihrem eigenen, leistungsstarken Produktionsstandort. Qualit\u00e4t zu erkennen und zu sch\u00e4tzen erfordert auch Wissen. Deshalb unterst\u00fctzen wir mindthebed.com und geben unser Wissen gerne weiter.    <\/p>\n<p>[\/dsm_card_carousel_child][dsm_card_carousel_child title=&#8220;Schlaftraining Niederlande&#8220; image=&#8220;https:\/\/mindthebed.com\/wp-content\/uploads\/2025\/12\/Slaapopleiding.webp&#8220; image_as_background=&#8220;off&#8220; image_alignment=&#8220;center&#8220; badge_url_new_window=&#8220;on&#8220; content_padding=&#8220;20px|20px|30px|20px|false|false&#8220; button_url_new_window=&#8220;1&#8243; _builder_version=&#8220;4.27.5&#8243; _module_preset=&#8220;default&#8220; header_line_height=&#8220;2.5em&#8220; body_font=&#8220;|300|||||||&#8220; body_text_color=&#8220;#000000&#8243; body_font_size=&#8220;18px&#8220; custom_padding=&#8220;30px||||false|false&#8220; link_option_url=&#8220;https:\/\/www.slaapopleiding.nl&#8220; link_option_url_new_window=&#8220;on&#8220; hover_enabled=&#8220;0&#8243; box_shadow_style=&#8220;preset1&#8243; box_shadow_blur=&#8220;11px&#8220; global_colors_info=&#8220;{}&#8220; parent_button=&#8220;off&#8220; parent_header_level=&#8220;h4&#8243; parent_stretch_image=&#8220;off&#8220; title_text=&#8220;Slaapopleiding&#8220; sticky_enabled=&#8220;0&#8243;]<\/p>\n<p><span>Wir bei <strong data-start=\"113\" data-end=\"142\">Slaap Opleiding Nederland<\/strong> glauben, dass guter Schlaf die Grundlage f\u00fcr ein gesundes und gl\u00fcckliches Leben ist. Deshalb helfen wir medizinischen Fachkr\u00e4ften, ihr Wissen, ihre F\u00e4higkeiten und ihr Bewusstsein f\u00fcr das Thema Schlaf zu verbessern. So k\u00f6nnen sie andere Menschen mit Schlafproblemen effektiv unterst\u00fctzen. Gemeinsam arbeiten wir am k\u00f6rperlichen und geistigen Wohlbefinden der Niederl\u00e4nder.  <\/span><\/p>\n<p><span>Deshalb arbeiten wir gerne mit mindthebed.com zusammen, denn gute Informationen \u00fcber Schlaf und Schlafkomfort sind wirklich wichtig!<\/span><\/p>\n<p>[\/dsm_card_carousel_child][\/dsm_card_carousel][\/et_pb_column][\/et_pb_row][\/et_pb_section][et_pb_section fb_built=&#8220;1&#8243; _builder_version=&#8220;4.27.4&#8243; _module_preset=&#8220;default&#8220; global_colors_info=&#8220;{}&#8220;][\/et_pb_section]<\/p>\n","protected":false},"excerpt":{"rendered":"<p>Partner Unser Ziel ist es, Ihre Aufmerksamkeit bewusst auf den Schlaf und den Schlafkomfort zu lenken. Daher auch unser Slogan Mind the bed! Dies k\u00f6nnen wir nur dank der Hilfe von motivierten Wissenspartnern, die uns unterst\u00fctzen. Offene Kommunikation, reibungsloser Fluss des t\u00e4glich gewonnenen Wissens und ein unabh\u00e4ngiges Team von Mitarbeitern sch\u00fctzen unsere Mission. Wir wollen Ihnen als Verbraucher oder Endnutzer den sprichw\u00f6rtlichen Weg durch den Wald zeigen. Wir informieren und leiten Sie mit fundierten, vorzugsweise wissenschaftlich fundierten, aber auf jeden Fall immer hochwertigen Inhalten an, die Ihnen helfen, wenn Sie mehr \u00fcber Ihren Schlaf, Ihr Bett, Ihre Bettdecke oder Ihr Kopfkissen wissen m\u00f6chten. Werden auch Sie ein Wissenspartner? Kontaktieren Sie uns \u00fcber die Kan\u00e4le unten auf dieser Seite. <div class=\"et_pb_module dsm_card_carousel dsm_card_carousel_0 dsm_card_carousel_layout_stacked  dsm_card_carousel_equal_height dsm_card_carousel_arrow_outside dsm_card_carousel_arrow_mobile_inside\">\n\t\t\t\t\n\t\t\t\t\n\t\t\t\t\n\t\t\t\t\n\t\t\t\t\n\t\t\t\t\n\t\t\t\t<div class=\"et_pb_module_inner\">\n\t\t\t\t\t\n\t\t\t\n\t\t\t<div class=\"swiper-container dsm_card_carousel_wrapper\" dir=\"ltr\" data-params=\"[{&quot;direction&quot;:&quot;horizontal&quot;,&quot;effect&quot;:&quot;default&quot;,&quot;slider_effect_shadows&quot;:false,&quot;slider_effect_coverflow_rotate&quot;:&quot;30&quot;,&quot;slider_effect_coverflow_depth&quot;:&quot;0&quot;,&quot;loop&quot;:true,&quot;infinite_smooth_scrolling&quot;:false,&quot;slide_to_show&quot;:&quot;3&quot;,&quot;slide_to_show_tablet&quot;:&quot;1&quot;,&quot;slide_to_show_phone&quot;:&quot;1&quot;,&quot;slide_to_scroll&quot;:&quot;1&quot;,&quot;slide_to_scroll_tablet&quot;:&quot;1&quot;,&quot;slide_to_scroll_phone&quot;:&quot;1&quot;,&quot;space_between&quot;:&quot;25&quot;,&quot;space_between_tablet&quot;:&quot;25&quot;,&quot;space_between_phone&quot;:&quot;25&quot;,&quot;centered_slides&quot;:false,&quot;multiple_slide_row&quot;:&quot;off&quot;,&quot;slide_row&quot;:&quot;1&quot;,&quot;slide_row_tablet&quot;:&quot;1&quot;,&quot;slide_row_phone&quot;:&quot;1&quot;,&quot;speed&quot;:&quot;300&quot;,&quot;autoplay&quot;:false,&quot;autoplay_speed&quot;:&quot;3000&quot;,&quot;autoplay_viewport&quot;:&quot;&quot;,&quot;touch_move&quot;:true,&quot;grab&quot;:true,&quot;pause_on_hover&quot;:false,&quot;mousewheel&quot;:false,&quot;auto_height&quot;:false,&quot;equal_height&quot;:false,&quot;equal_height_tablet&quot;:true,&quot;equal_height_phone&quot;:true}]\">\n\t\t\t<div class=\"swiper-wrapper\"><\/div>\n\t\t\t<\/div><div class=\"swiper-button-prev dsm_card_carousel_arrow\" data-icon=\"4\"><\/div><div class=\"swiper-button-next dsm_card_carousel_arrow\" data-icon=\"5\"><\/div><div class=\"swiper-pagination dsm_card_carousel_pagination\"><\/div>\n\t\t\t\t<\/div>\n\t\t\t<\/div><div class=\"dsm_card_carousel_child dsm_card_carousel_child_0 et_clickable swiper-slide\">\n\t\t\t\t\n\t\t\t\t\n\t\t\t\t\n\t\t\t\t\n\t\t\t\t\n\t\t\t\t\n\t\t\t\t<div class=\"et_pb_module_inner\">\n\t\t\t\t\t\n\t\t\t\n\t\t\t<figure class=\"dsm_card_carousel_child_image_wrapper dsm_card_carousel_child_badge_top_right\"><img decoding=\"async\" src=\"https:\/\/mindthebed.com\/wp-content\/uploads\/2025\/09\/eastborn-logo.png\" alt=\"\" class=\"dsm_card_carousel_child_img  dsm_card_carousel_image_stretch skip-lazy\" \/><\/figure>\n\t\t\t<div class=\"dsm_card_wrapper et_pb_text_align_left et_pb_bg_layout_light\">\n\t\t\t\t\t<h4 class=\"dsm_card_title et_pb_module_header\">Ostgeboren<\/h4>\n\t\t\t\t\t\n\t\t\t\t\t\n\t\t\t\t\t\n\t\t\t\t<\/div>\n\t\t\t\t<\/div>\n\t\t\t<\/div>Bei Eastborn steht Ihr Schlafkomfort bei der Entwicklung unserer Produkte im Mittelpunkt. Jeder Eastborn wird noch immer nach holl\u00e4ndischer Tradition hergestellt. Und wir verwenden nur die allerbesten Materialien. Von einer kleinen Fabrik im Jahr 1959 haben wir uns zu einer modernen Produktionsst\u00e4tte von \u00fcber 20.000 m2&#8230;<\/p>\n","protected":false},"author":1,"featured_media":0,"parent":0,"menu_order":0,"comment_status":"closed","ping_status":"closed","template":"","meta":{"_et_pb_use_builder":"on","_et_pb_old_content":"","_et_gb_content_width":"","footnotes":""},"class_list":["post-7407","page","type-page","status-publish","hentry"],"featured_image_src":null,"_links":{"self":[{"href":"https:\/\/mindthebed.com\/de\/wp-json\/wp\/v2\/pages\/7407","targetHints":{"allow":["GET"]}}],"collection":[{"href":"https:\/\/mindthebed.com\/de\/wp-json\/wp\/v2\/pages"}],"about":[{"href":"https:\/\/mindthebed.com\/de\/wp-json\/wp\/v2\/types\/page"}],"author":[{"embeddable":true,"href":"https:\/\/mindthebed.com\/de\/wp-json\/wp\/v2\/users\/1"}],"replies":[{"embeddable":true,"href":"https:\/\/mindthebed.com\/de\/wp-json\/wp\/v2\/comments?post=7407"}],"version-history":[{"count":26,"href":"https:\/\/mindthebed.com\/de\/wp-json\/wp\/v2\/pages\/7407\/revisions"}],"predecessor-version":[{"id":7742,"href":"https:\/\/mindthebed.com\/de\/wp-json\/wp\/v2\/pages\/7407\/revisions\/7742"}],"wp:attachment":[{"href":"https:\/\/mindthebed.com\/de\/wp-json\/wp\/v2\/media?parent=7407"}],"curies":[{"name":"wp","href":"https:\/\/api.w.org\/{rel}","templated":true}]}}