{"id":5144,"date":"2024-05-22T08:21:57","date_gmt":"2024-05-22T06:21:57","guid":{"rendered":"https:\/\/mindthebed.com\/ueber-uns\/"},"modified":"2025-06-13T14:08:23","modified_gmt":"2025-06-13T12:08:23","slug":"ueber-uns","status":"publish","type":"page","link":"https:\/\/mindthebed.com\/de\/ueber-uns\/","title":{"rendered":"\u00dcber uns"},"content":{"rendered":"<p>[et_pb_section fb_built=&#8220;1&#8243; custom_padding_last_edited=&#8220;on|phone&#8220; _builder_version=&#8220;4.25.1&#8243; _module_preset=&#8220;default&#8220; custom_padding=&#8220;101px||2px||false|&#8220; custom_padding_tablet=&#8220;101px||101px||false|&#8220; custom_padding_phone=&#8220;50px|20px|50px|20px|false|true&#8220; locked=&#8220;off&#8220; global_colors_info=&#8220;{}&#8220;][et_pb_row _builder_version=&#8220;4.25.1&#8243; _module_preset=&#8220;default&#8220; width_tablet=&#8220;&#8220; width_phone=&#8220;100%&#8220; width_last_edited=&#8220;on|phone&#8220; max_width_tablet=&#8220;&#8220; max_width_phone=&#8220;&#8220; max_width_last_edited=&#8220;on|phone&#8220; global_colors_info=&#8220;{}&#8220;][et_pb_column type=&#8220;4_4&#8243; _builder_version=&#8220;4.25.1&#8243; _module_preset=&#8220;default&#8220; global_colors_info=&#8220;{}&#8220;][et_pb_text _builder_version=&#8220;4.25.1&#8243; _module_preset=&#8220;default&#8220; text_text_color=&#8220;#000000&#8243; text_font_size=&#8220;20px&#8220; text_line_height=&#8220;1.6em&#8220; link_font=&#8220;|700|||||||&#8220; link_text_color=&#8220;#000000&#8243; header_text_align=&#8220;center&#8220; header_2_text_color=&#8220;#003F73&#8243; header_2_line_height=&#8220;1.2em&#8220; custom_padding=&#8220;||||false|false&#8220; text_font_size_tablet=&#8220;20px&#8220; text_font_size_phone=&#8220;18px&#8220; text_font_size_last_edited=&#8220;on|phone&#8220; locked=&#8220;off&#8220; global_colors_info=&#8220;{}&#8220;]<\/p>\n<h2>Einf\u00fchrung<\/h2>\n<p>Unsere jahrelange Erfahrung in der Welt des Schlafkomforts m\u00f6chten wir gerne mit Ihnen teilen. Nicht, weil wir denken, wir w\u00fcssten alles, ganz im Gegenteil. \u00dcber den Schlaf zu sprechen und zu schreiben ist zu einer Leidenschaft geworden. Die wunderbare Welt des Schlafs wird Tag f\u00fcr Tag, Monat f\u00fcr Monat und Jahr f\u00fcr Jahr von Neurologen, Schlafforschern, Produktentwicklern und Technologen auf der ganzen Welt erforscht&#8230; Und wir lieben es, diese Informationen zu sammeln und weiterzugeben, denn wir \u201ek\u00fcmmern uns um das Bett\u201c!   <\/p>\n<p>Und wir tun dies mit einem netten Team, denn hinter den Kulissen wird viel vorbereitet, gelesen und recherchiert, und unsere Texte nehmen dank der fachkundigen Hilfe eines Teams feiner und kompetenter Menschen Gestalt an! Und regelm\u00e4\u00dfig sitzen auch hochkompetente Kollegen aus allen Bereichen mit am Redaktionstisch. <\/p>\n<p>[\/et_pb_text][\/et_pb_column][\/et_pb_row][\/et_pb_section][et_pb_section fb_built=&#8220;1&#8243; custom_padding_last_edited=&#8220;on|phone&#8220; _builder_version=&#8220;4.25.1&#8243; _module_preset=&#8220;default&#8220; custom_padding=&#8220;35px||35px||true|false&#8220; custom_padding_tablet=&#8220;100px||100px||true|false&#8220; custom_padding_phone=&#8220;50px|20px|50px|20px|true|true&#8220; global_colors_info=&#8220;{}&#8220;][et_pb_row column_structure=&#8220;1_4,3_4&#8243; custom_padding_last_edited=&#8220;on|phone&#8220; _builder_version=&#8220;4.25.1&#8243; _module_preset=&#8220;default&#8220; width_tablet=&#8220;&#8220; width_phone=&#8220;100%&#8220; width_last_edited=&#8220;on|phone&#8220; max_width_tablet=&#8220;&#8220; max_width_phone=&#8220;&#8220; max_width_last_edited=&#8220;on|phone&#8220; custom_padding=&#8220;0px||60px||false|false&#8220; custom_padding_tablet=&#8220;0px||120px||false|false&#8220; custom_padding_phone=&#8220;0px||40px||false|false&#8220; global_colors_info=&#8220;{}&#8220;][et_pb_column type=&#8220;1_4&#8243; _builder_version=&#8220;4.25.1&#8243; _module_preset=&#8220;default&#8220; global_colors_info=&#8220;{}&#8220;][et_pb_image src=&#8220;https:\/\/mindthebed.com\/wp-content\/uploads\/2024\/05\/about-ilona.png&#8220; title_text=&#8220;\u00fcber-ilona&#8220; _builder_version=&#8220;4.25.1&#8243; _module_preset=&#8220;default&#8220; global_colors_info=&#8220;{}&#8220;][\/et_pb_image][\/et_pb_column][et_pb_column type=&#8220;3_4&#8243; _builder_version=&#8220;4.25.1&#8243; _module_preset=&#8220;default&#8220; global_colors_info=&#8220;{}&#8220;][et_pb_text _builder_version=&#8220;4.25.1&#8243; _module_preset=&#8220;default&#8220; text_text_color=&#8220;#000000&#8243; text_font_size=&#8220;18px&#8220; text_line_height=&#8220;1.6em&#8220; text_font_size_tablet=&#8220;18px&#8220; text_font_size_phone=&#8220;16px&#8220; text_font_size_last_edited=&#8220;on|phone&#8220; global_colors_info=&#8220;{}&#8220;]<\/p>\n<p><a href=\"https:\/\/www.linkedin.com\/in\/ilona-migdalski-34357824b\/\" target=\"_blank\" rel=\"noopener\">Ilona Migdalski<\/a> ist eine erfahrene Werbetexterin und ansprechende Werbetexte sind ihr Gesch\u00e4ft. Wenn Sie dabei etwas lernen, ist sie gl\u00fccklich! Sie selbst liebt das Lesen &#8211; wie k\u00f6nnte es anders sein &#8211; aber auch Sport und ihre Familie! Als Mutter von drei Teenagern wei\u00df sie, wie wichtig ein guter Schlaf ist. Deshalb holt sie ihr Schreibtalent hervor, um Ihnen interessante Tipps und Ratschl\u00e4ge f\u00fcr guten Schlaf zu geben.    <\/p>\n<p>[\/et_pb_text][\/et_pb_column][\/et_pb_row][et_pb_row column_structure=&#8220;1_4,3_4&#8243; custom_padding_last_edited=&#8220;on|phone&#8220; _builder_version=&#8220;4.25.1&#8243; _module_preset=&#8220;default&#8220; width_tablet=&#8220;&#8220; width_phone=&#8220;100%&#8220; width_last_edited=&#8220;on|phone&#8220; max_width_tablet=&#8220;&#8220; max_width_phone=&#8220;&#8220; max_width_last_edited=&#8220;on|phone&#8220; custom_padding=&#8220;0px||60px||false|false&#8220; custom_padding_tablet=&#8220;0px||120px||false|false&#8220; custom_padding_phone=&#8220;0px||40px||false|false&#8220; global_colors_info=&#8220;{}&#8220;][et_pb_column type=&#8220;1_4&#8243; _builder_version=&#8220;4.25.1&#8243; _module_preset=&#8220;default&#8220; global_colors_info=&#8220;{}&#8220;][et_pb_image src=&#8220;https:\/\/mindthebed.com\/wp-content\/uploads\/2024\/05\/about-marco.png&#8220; title_text=&#8220;\u00fcber-marco&#8220; _builder_version=&#8220;4.25.1&#8243; _module_preset=&#8220;default&#8220; global_colors_info=&#8220;{}&#8220;][\/et_pb_image][\/et_pb_column][et_pb_column type=&#8220;3_4&#8243; _builder_version=&#8220;4.25.1&#8243; _module_preset=&#8220;default&#8220; global_colors_info=&#8220;{}&#8220;][et_pb_text _builder_version=&#8220;4.25.1&#8243; _module_preset=&#8220;default&#8220; text_text_color=&#8220;#000000&#8243; text_font_size=&#8220;18px&#8220; text_line_height=&#8220;1.6em&#8220; text_font_size_tablet=&#8220;18px&#8220; text_font_size_phone=&#8220;16px&#8220; text_font_size_last_edited=&#8220;on|phone&#8220; global_colors_info=&#8220;{}&#8220;]<\/p>\n<p><a href=\"https:\/\/www.linkedin.com\/in\/marcoachtereekte\/\" target=\"_blank\" rel=\"noopener\">Marco Achtereekte<\/a> ist die treibende Kraft hinter <a href=\"https:\/\/www.alastor.info\/kennis-van-slapen\/\" target=\"_blank\" rel=\"noopener\">Alastor<\/a>, der Vertretung von Neves und Schlafmond in der Schlafbranche. Neben seiner T\u00e4tigkeit als Vater und Partner ist Marco Achtereekte fast sein ganzes Berufsleben lang als selbst\u00e4ndiger Unternehmer unterwegs gewesen. Als Gesch\u00e4ftsf\u00fchrer, Produktionsleiter und Vertriebs- und Marketingdirektor. Er bezeichnet sich selbst gerne als Pfadfinder, aber vor allem ist er in den Niederlanden (und dar\u00fcber hinaus) ein sehr bekannter Name, wenn es um Kopfkissen und Bettdecken geht.   <\/p>\n<p>[\/et_pb_text][\/et_pb_column][\/et_pb_row][et_pb_row column_structure=&#8220;1_4,3_4&#8243; custom_padding_last_edited=&#8220;on|phone&#8220; _builder_version=&#8220;4.25.1&#8243; _module_preset=&#8220;default&#8220; width_tablet=&#8220;&#8220; width_phone=&#8220;100%&#8220; width_last_edited=&#8220;on|phone&#8220; max_width_tablet=&#8220;&#8220; max_width_phone=&#8220;&#8220; max_width_last_edited=&#8220;on|phone&#8220; custom_padding=&#8220;0px||59px||false|false&#8220; custom_padding_tablet=&#8220;0px||120px||false|false&#8220; custom_padding_phone=&#8220;0px||40px||false|false&#8220; global_colors_info=&#8220;{}&#8220;][et_pb_column type=&#8220;1_4&#8243; _builder_version=&#8220;4.25.1&#8243; _module_preset=&#8220;default&#8220; global_colors_info=&#8220;{}&#8220;][et_pb_image src=&#8220;https:\/\/mindthebed.com\/wp-content\/uploads\/2024\/05\/about-johnno.png&#8220; title_text=&#8220;\u00fcber-johnno&#8220; _builder_version=&#8220;4.25.1&#8243; _module_preset=&#8220;default&#8220; global_colors_info=&#8220;{}&#8220;][\/et_pb_image][\/et_pb_column][et_pb_column type=&#8220;3_4&#8243; _builder_version=&#8220;4.25.1&#8243; _module_preset=&#8220;default&#8220; global_colors_info=&#8220;{}&#8220;][et_pb_text _builder_version=&#8220;4.25.1&#8243; _module_preset=&#8220;default&#8220; text_text_color=&#8220;#000000&#8243; text_font_size=&#8220;18px&#8220; text_line_height=&#8220;1.6em&#8220; text_font_size_tablet=&#8220;18px&#8220; text_font_size_phone=&#8220;16px&#8220; text_font_size_last_edited=&#8220;on|phone&#8220; global_colors_info=&#8220;{}&#8220;]<\/p>\n<p><a href=\"https:\/\/www.linkedin.com\/in\/johnno-van-den-brink-9647481b0\/\" target=\"_blank\" rel=\"noopener\">Johnno van de Brink<\/a> ist der geborene SEO-Spezialist und genie\u00dft es, sich in die Erstellung guter Inhalte zu verbei\u00dfen. Er h\u00e4lt uns auf Trab, wenn es um SEO geht. Als junger Vater wei\u00df er nat\u00fcrlich sehr gut, wie wichtig Schlaf ist.  <\/p>\n<p>[\/et_pb_text][\/et_pb_column][\/et_pb_row][et_pb_row column_structure=&#8220;1_4,3_4&#8243; custom_padding_last_edited=&#8220;on|phone&#8220; _builder_version=&#8220;4.25.1&#8243; _module_preset=&#8220;default&#8220; width_tablet=&#8220;&#8220; width_phone=&#8220;100%&#8220; width_last_edited=&#8220;on|phone&#8220; max_width_tablet=&#8220;&#8220; max_width_phone=&#8220;&#8220; max_width_last_edited=&#8220;on|phone&#8220; custom_padding=&#8220;0px||60px||false|false&#8220; custom_padding_tablet=&#8220;0px||120px||false|false&#8220; custom_padding_phone=&#8220;0px||40px||false|false&#8220; global_colors_info=&#8220;{}&#8220;][et_pb_column type=&#8220;1_4&#8243; _builder_version=&#8220;4.25.1&#8243; _module_preset=&#8220;default&#8220; global_colors_info=&#8220;{}&#8220;][et_pb_image src=&#8220;https:\/\/mindthebed.com\/wp-content\/uploads\/2024\/05\/about-jurgen.png&#8220; title_text=&#8220;\u00fcber-jurgen&#8220; _builder_version=&#8220;4.25.1&#8243; _module_preset=&#8220;default&#8220; global_colors_info=&#8220;{}&#8220;][\/et_pb_image][\/et_pb_column][et_pb_column type=&#8220;3_4&#8243; _builder_version=&#8220;4.25.1&#8243; _module_preset=&#8220;default&#8220; global_colors_info=&#8220;{}&#8220;][et_pb_text _builder_version=&#8220;4.25.1&#8243; _module_preset=&#8220;default&#8220; text_text_color=&#8220;#000000&#8243; text_font_size=&#8220;18px&#8220; text_line_height=&#8220;1.6em&#8220; text_font_size_tablet=&#8220;18px&#8220; text_font_size_phone=&#8220;16px&#8220; text_font_size_last_edited=&#8220;on|phone&#8220; global_colors_info=&#8220;{}&#8220;]<\/p>\n<p><a href=\"https:\/\/www.linkedin.com\/in\/j%C3%BCrgen-swinnen-a03a127\/\" target=\"_blank\" rel=\"noopener\">J\u00fcrgen Swinnen<\/a> ist der Gr\u00fcnder dieser Plattform und arbeitet seit 1994 in der Schlafbranche. Was ihn antreibt, ist, dass ein Verbraucher ein Bett oder eine Matratze einfach anders betrachtet als ein Hersteller. Nach unz\u00e4hligen Gespr\u00e4chen, Hunderten von Ratschl\u00e4gen und viel Erfahrung bei Herstellern und Einzelh\u00e4ndlern war sein Interesse an Schlaf und Schlafprodukten geweckt. Er arbeitete als F&amp;E-Manager und Category Manager bei dem in Belgien sehr bekannten Schlafeinzelh\u00e4ndler <a href=\"https:\/\/www.sleepy.eu\/\" target=\"_blank\" rel=\"noopener\">Sleepy\u00ae<\/a>. Seit 2018 sind \u00fcbrigens alle Sleepy\u00ae-Produkte bei <a href=\"https:\/\/www.sleepworld.be\/\" target=\"_blank\" rel=\"noopener\">Sleepworld<\/a> in Belgien erh\u00e4ltlich und die fantastische Marke ist auch weit \u00fcber die Grenzen des Landes hinaus aktiv. In den letzten Jahren hat er sich auf die Produktentwicklung und als Trainer und Verkaufsleiter f\u00fcr <a href=\"https:\/\/www.intres.be\/\" target=\"_blank\" rel=\"noopener\">Intres XP<\/a> konzentriert. Schlie\u00dflich ist er auch Schlafcoach in der <a href=\"https:\/\/groepspraktijk-remise.be\/teamleden\/#jurgen\" target=\"_blank\" rel=\"noopener\">Gemeinschaftspraxis Remise<\/a> in Pelt. Es ist sein Traum, die Menschen so gut wie m\u00f6glich \u00fcber den Schlaf und insbesondere den Schlafkomfort zu informieren.         <\/p>\n<p>[\/et_pb_text][\/et_pb_column][\/et_pb_row][\/et_pb_section]<\/p>\n","protected":false},"excerpt":{"rendered":"<p>Einf\u00fchrung Unsere jahrelange Erfahrung in der Welt des Schlafkomforts m\u00f6chten wir gerne mit Ihnen teilen. Nicht, weil wir denken, wir w\u00fcssten alles, ganz im Gegenteil. \u00dcber den Schlaf zu sprechen und zu schreiben ist zu einer Leidenschaft geworden. Die wunderbare Welt des Schlafs wird Tag f\u00fcr Tag, Monat f\u00fcr Monat und Jahr f\u00fcr Jahr von Neurologen, Schlafforschern, Produktentwicklern und Technologen auf der ganzen Welt erforscht&#8230; Und wir lieben es, diese Informationen zu sammeln und weiterzugeben, denn wir \u201ek\u00fcmmern uns um das Bett\u201c! Und wir tun dies mit einem netten Team, denn hinter den Kulissen wird viel vorbereitet, gelesen und recherchiert, und unsere Texte nehmen dank der fachkundigen Hilfe eines Teams feiner und kompetenter Menschen Gestalt an! Und regelm\u00e4\u00dfig sitzen auch hochkompetente Kollegen aus allen Bereichen mit am Redaktionstisch. Ilona Migdalski ist eine erfahrene Werbetexterin und ansprechende Werbetexte sind ihr Gesch\u00e4ft. Wenn Sie dabei etwas lernen, ist sie gl\u00fccklich! Sie selbst liebt das Lesen &#8211; wie k\u00f6nnte es anders sein &#8211; aber auch Sport und ihre Familie! Als Mutter von drei Teenagern wei\u00df sie, wie wichtig ein guter Schlaf ist. Deshalb holt sie ihr Schreibtalent hervor, um Ihnen interessante Tipps und Ratschl\u00e4ge f\u00fcr guten Schlaf zu geben. Marco Achtereekte ist die&#8230;<\/p>\n","protected":false},"author":11,"featured_media":0,"parent":0,"menu_order":0,"comment_status":"closed","ping_status":"closed","template":"","meta":{"_et_pb_use_builder":"on","_et_pb_old_content":"","_et_gb_content_width":"","footnotes":""},"class_list":["post-5144","page","type-page","status-publish","hentry"],"featured_image_src":null,"_links":{"self":[{"href":"https:\/\/mindthebed.com\/de\/wp-json\/wp\/v2\/pages\/5144","targetHints":{"allow":["GET"]}}],"collection":[{"href":"https:\/\/mindthebed.com\/de\/wp-json\/wp\/v2\/pages"}],"about":[{"href":"https:\/\/mindthebed.com\/de\/wp-json\/wp\/v2\/types\/page"}],"author":[{"embeddable":true,"href":"https:\/\/mindthebed.com\/de\/wp-json\/wp\/v2\/users\/11"}],"replies":[{"embeddable":true,"href":"https:\/\/mindthebed.com\/de\/wp-json\/wp\/v2\/comments?post=5144"}],"version-history":[{"count":15,"href":"https:\/\/mindthebed.com\/de\/wp-json\/wp\/v2\/pages\/5144\/revisions"}],"predecessor-version":[{"id":7133,"href":"https:\/\/mindthebed.com\/de\/wp-json\/wp\/v2\/pages\/5144\/revisions\/7133"}],"wp:attachment":[{"href":"https:\/\/mindthebed.com\/de\/wp-json\/wp\/v2\/media?parent=5144"}],"curies":[{"name":"wp","href":"https:\/\/api.w.org\/{rel}","templated":true}]}}